{"id":5,"date":"2016-01-29T10:12:39","date_gmt":"2016-01-29T10:12:39","guid":{"rendered":"http:\/\/the7.io\/beauty-studio\/?page_id=5"},"modified":"2025-07-08T12:45:21","modified_gmt":"2025-07-08T10:45:21","slug":"nosotros","status":"publish","type":"page","link":"https:\/\/mustcalderon.com\/en\/nosotros\/","title":{"rendered":"Us"},"content":{"rendered":"<div class=\"wpb-content-wrapper\">\n\t\t\t<!-- START Quienes Somos REVOLUTION SLIDER 6.7.40 --><p class=\"rs-p-wp-fix\"><\/p>\n\t\t\t<rs-module-wrap id=\"rev_slider_2_1_wrapper\" data-source=\"gallery\" style=\"visibility:hidden;background:transparent;padding:0;margin:0px auto;margin-top:0;margin-bottom:0;\">\n\t\t\t\t<rs-module id=\"rev_slider_2_1\" style=\"\" data-version=\"6.7.40\">\n\t\t\t\t\t<rs-slides style=\"overflow: hidden; position: absolute;\">\n\t\t\t\t\t\t<rs-slide style=\"position: absolute;\" data-key=\"rs-7\" data-title=\"Slide\" data-thumb=\"\/\/wearepleh.com\/wp-content\/uploads\/sites\/40\/2016\/01\/centro-estetica-y-peluqueria-Must-Calderon-Bilbao-4.jpg\" data-duration=\"5000\" data-anim=\"adpr:false;\">\n\t\t\t\t\t\t\t<img decoding=\"async\" src=\"\/\/mustcalderon.com\/wp-content\/plugins\/revslider\/sr6\/assets\/assets\/dummy.png\" alt=\"\" title=\"Nosotros\" class=\"rev-slidebg tp-rs-img rs-lazyload\" data-lazyload=\"\/\/wearepleh.com\/wp-content\/uploads\/sites\/40\/2016\/01\/centro-estetica-y-peluqueria-Must-Calderon-Bilbao-4.jpg\" data-no-retina>\n<!---->\t\t\t\t\t<\/rs-slide>\n\t\t\t\t\t\t<rs-slide style=\"position: absolute;\" data-key=\"rs-8\" data-title=\"Slide\" data-thumb=\"\/\/wearepleh.com\/wp-content\/uploads\/sites\/40\/2016\/01\/centro-estetica-y-peluqueria-Must-Calderon-Bilbao-10.jpg\" data-duration=\"5000\" data-anim=\"adpr:false;\">\n\t\t\t\t\t\t\t<img decoding=\"async\" src=\"\/\/mustcalderon.com\/wp-content\/plugins\/revslider\/sr6\/assets\/assets\/dummy.png\" alt=\"\" title=\"Nosotros\" class=\"rev-slidebg tp-rs-img rs-lazyload\" data-lazyload=\"\/\/wearepleh.com\/wp-content\/uploads\/sites\/40\/2016\/01\/centro-estetica-y-peluqueria-Must-Calderon-Bilbao-10.jpg\" data-no-retina>\n<!---->\t\t\t\t\t<\/rs-slide>\n\t\t\t\t\t\t<rs-slide style=\"position: absolute;\" data-key=\"rs-9\" data-title=\"Slide\" data-thumb=\"\/\/wearepleh.com\/wp-content\/uploads\/sites\/40\/2016\/01\/centro-estetica-y-peluqueria-Must-Calderon-Bilbao-3.jpg\" data-duration=\"5000\" data-anim=\"adpr:false;\">\n\t\t\t\t\t\t\t<img decoding=\"async\" src=\"\/\/mustcalderon.com\/wp-content\/plugins\/revslider\/sr6\/assets\/assets\/dummy.png\" alt=\"\" title=\"Nosotros\" class=\"rev-slidebg tp-rs-img rs-lazyload\" data-lazyload=\"\/\/wearepleh.com\/wp-content\/uploads\/sites\/40\/2016\/01\/centro-estetica-y-peluqueria-Must-Calderon-Bilbao-3.jpg\" data-no-retina>\n<!---->\t\t\t\t\t<\/rs-slide>\n\t\t\t\t\t<\/rs-slides>\n\t\t\t\t<\/rs-module>\n\t\t\t\t<script>\n\t\t\t\t\tsetREVStartSize({c: 'rev_slider_2_1',rl:[1240,1024,778,480],el:[],gw:[1240],gh:[868],type:'standard',justify:'',layout:'fullwidth',mh:\"0\"});if (window.RS_MODULES!==undefined && window.RS_MODULES.modules!==undefined && window.RS_MODULES.modules[\"revslider21\"]!==undefined) {window.RS_MODULES.modules[\"revslider21\"].once = false;window.revapi2 = undefined;if (window.RS_MODULES.checkMinimal!==undefined) window.RS_MODULES.checkMinimal()}\n\t\t\t\t<\/script>\n\t\t\t<\/rs-module-wrap>\n\t\t\t<!-- END REVOLUTION SLIDER -->\n\n<div class=\"vc_row wpb_row vc_row-fluid\"><div class=\"wpb_column vc_column_container vc_col-sm-12\"><div class=\"vc_column-inner\"><div class=\"wpb_wrapper\"><div class=\"vc_empty_space\"   style=\"height: 32px\"><span class=\"vc_empty_space_inner\"><\/span><\/div><div id=\"ultimate-heading-876169e2dc50d94d2\" class=\"uvc-heading ult-adjust-bottom-margin ultimate-heading-876169e2dc50d94d2 uvc-1485 \" data-hspacer=\"no_spacer\"  data-halign=\"left\" style=\"text-align:left\"><div class=\"uvc-heading-spacer no_spacer\" style=\"top\"><\/div><div class=\"uvc-main-heading ult-responsive\"  data-ultimate-target='.uvc-heading.ultimate-heading-876169e2dc50d94d2 h2'  data-responsive-json-new='{\"font-size\":\"desktop:26px;\",\"line-height\":\"desktop:36px;\"}' ><h2 style=\"font-weight:normal;color:#000000;margin-bottom:30px;\">El Centro<\/h2><\/div><\/div><style type=\"text\/css\" data-type=\"the7_shortcodes-inline-css\">.shortcode-single-image-wrap.shortcode-single-image-e25e0ca2350943cd997ebb1743c123dc.enable-bg-rollover .rollover i,\n.shortcode-single-image-wrap.shortcode-single-image-e25e0ca2350943cd997ebb1743c123dc.enable-bg-rollover .rollover-video i {\n  background: -webkit-linear-gradient();\n  background: linear-gradient();\n}\n.shortcode-single-image-wrap.shortcode-single-image-e25e0ca2350943cd997ebb1743c123dc .rollover-icon {\n  font-size: 32px;\n  color: #ffffff;\n  min-width: 44px;\n  min-height: 44px;\n  line-height: 44px;\n  border-radius: 100px;\n  border-style: solid;\n  border-width: 0px;\n}\n.dt-icon-bg-on.shortcode-single-image-wrap.shortcode-single-image-e25e0ca2350943cd997ebb1743c123dc .rollover-icon {\n  background: rgba(255,255,255,0.3);\n  box-shadow: none;\n}<\/style>\n\t<div class=\"wpb_text_column wpb_content_element \" >\n\t\t<div class=\"wpb_wrapper\">\n\t\t\t<p>La raz\u00f3n de crear un centro tan especial como EDUARDO MUST CALDER\u00d3N fue de ser pioneros en combinar un multiespacio de alta peluquer\u00eda &#8211; est\u00e9tica, especial apartado de estilismo de peluquer\u00eda, novias, maquillaje, manicura spa, pedicura spa, depilaci\u00f3n. 280 m(2) de sal\u00f3n, con amplias cabinas de est\u00e9tica, especializadas en diferentes tratamientos de alta est\u00e9tica, masajes personalizados, aparatolog\u00eda de \u00faltima generaci\u00f3n con resultados espectaculares tanto en corporal reductor o celulitis, como en faciales, tratamientos rejuvenecedores , terapias alternativas con armonizaci\u00f3n de chakras, con lo que se consigue relajaci\u00f3n y serenidad, todo ello con un equipo de esteticistas y terapeutas de alto nivel de experiencia y formaci\u00f3n.<\/p>\n<p>&nbsp;<\/p>\n<p>&nbsp;<\/p>\n<p>En la secci\u00f3n de peluquer\u00eda MUST se ha beneficiado del saber hacer de m\u00e1s de 30 a\u00f1os de experiencia en el sector. El reconocido estilista Eduardo Calder\u00f3n, formado y desarrollado en la prestigiosa firma londinense Vidal Sassoon. Actualmente enrolado en la gran firma de moda y estilismo Compgniadellabellezza, precursores del Made in ITALY Hairdressing en el mundo. Rodeado de un gran equipo de estilistas donde vol\u00famenes, estilos, color, formas, cortes tendencias y un revolucionario m\u00e9todo de asesoramiento personal por ipad, dan como resultado el mejor estilo para cada uno de nuestros clientes, acorde para cada rostro. Todo trabajado con productos de la m\u00e1s alta ecolog\u00eda y calidad, adem\u00e1s de la propia linea cosm\u00e9tica MUST.<\/p>\n\n\t\t<\/div>\n\t<\/div>\n<\/div><\/div><\/div><\/div><div data-vc-full-width=\"true\" data-vc-full-width-temp=\"true\" data-vc-full-width-init=\"false\" class=\"vc_row wpb_row vc_row-fluid vc_custom_1504714381339 vc_row-has-fill\"><div class=\"wpb_column vc_column_container vc_col-sm-8 vc_col-lg-offset-2 vc_col-lg-8 vc_col-md-offset-2 vc_col-md-8 vc_col-sm-offset-2 vc_col-xs-12\"><div class=\"vc_column-inner\"><div class=\"wpb_wrapper\"><div id=\"ultimate-heading-388369e2dc50d9988\" class=\"uvc-heading ult-adjust-bottom-margin ultimate-heading-388369e2dc50d9988 uvc-8587 accent-border-color\" data-hspacer=\"line_only\"  data-halign=\"center\" style=\"text-align:center\"><div class=\"uvc-main-heading ult-responsive\"  data-ultimate-target='.uvc-heading.ultimate-heading-388369e2dc50d9988 h2'  data-responsive-json-new='{\"font-size\":\"desktop:40px;\",\"line-height\":\"desktop:50px;\"}' ><h2 style=\"font-weight:normal;color:#000000;margin-bottom:15px;\">Una palabras del propietario<\/h2><\/div><div class=\"uvc-heading-spacer line_only\" style=\"margin-bottom:55px;height:3px;\"><span class=\"uvc-headings-line\" style=\"border-style:solid;border-bottom-width:3px;border-color:#ccc;width:180px;\"><\/span><\/div><\/div><div class=\"vc_row wpb_row vc_inner vc_row-fluid vc_custom_1490532248188 vc_row-has-fill vc_row-o-content-middle vc_row-flex\"><div class=\"wpb_column vc_column_container vc_col-sm-12 vc_col-lg-offset-0 vc_col-lg-12 vc_col-md-offset-0 vc_col-md-12 vc_col-sm-offset-0 vc_col-xs-12\"><div class=\"vc_column-inner\"><div class=\"wpb_wrapper\">\n\t<div  class=\"wpb_single_image wpb_content_element vc_align_center  vc_custom_1531151580792\">\n\t\t\n\t\t<figure class=\"wpb_wrapper vc_figure\">\n\t\t\t<div class=\"vc_single_image-wrapper vc_box_circle  vc_box_border_grey\"><img decoding=\"async\" width=\"601\" height=\"401\" src=\"https:\/\/mustcalderon.com\/wp-content\/uploads\/sites\/40\/2016\/01\/peluquero-Eduardo-Calderon-MUST.jpg\" class=\"vc_single_image-img attachment-full\" alt=\"\" title=\"peluquero Eduardo Calderon MUST\" srcset=\"https:\/\/mustcalderon.com\/wp-content\/uploads\/sites\/40\/2016\/01\/peluquero-Eduardo-Calderon-MUST.jpg 601w, https:\/\/mustcalderon.com\/wp-content\/uploads\/sites\/40\/2016\/01\/peluquero-Eduardo-Calderon-MUST-300x200.jpg 300w\" sizes=\"(max-width: 601px) 100vw, 601px\"  data-dt-location=\"https:\/\/mustcalderon.com\/en\/nosotros\/peluquero-eduardo-calderon-must\/\" \/><\/div>\n\t\t<\/figure>\n\t<\/div>\n<div id=\"ultimate-heading-687069e2dc50da340\" class=\"uvc-heading ult-adjust-bottom-margin ultimate-heading-687069e2dc50da340 uvc-6750 accent-subtitle-color\" data-hspacer=\"no_spacer\"  data-halign=\"center\" style=\"text-align:center\"><div class=\"uvc-heading-spacer no_spacer\" style=\"top\"><\/div><div class=\"uvc-main-heading ult-responsive\"  data-ultimate-target='.uvc-heading.ultimate-heading-687069e2dc50da340 h2'  data-responsive-json-new='{\"font-size\":\"desktop:20px;\",\"line-height\":\"desktop:30px;\"}' ><h2 style=\"font-weight:normal;color:#000000;margin-bottom:5px;\">Eduardo Calder\u00f3n<\/h2><\/div><div class=\"uvc-sub-heading ult-responsive\"  data-ultimate-target='.uvc-heading.ultimate-heading-687069e2dc50da340 .uvc-sub-heading '  data-responsive-json-new='{\"font-size\":\"desktop:16px;\",\"line-height\":\"desktop:26px;\"}'  style=\"font-weight:normal;margin-bottom:30px;\">Experto en belleza, propietario de la peluquer\u00eda<\/div><\/div>\n\t<div class=\"wpb_text_column wpb_content_element \" >\n\t\t<div class=\"wpb_wrapper\">\n\t\t\t<p><em>Somos artesanos del cabello, nos apasiona la moda, con una clara misi\u00f3n: acercarte varias veces al a\u00f1o las \u00faltimas\u00a0tendencias de estilo. La alta peluquer\u00eda es un arte innato, perm\u00edtenos ser tus artistas. Tu cabello es nuestro lienzo y tu energ\u00eda nuestra inspiraci\u00f3n.<\/em><\/p>\n\n\t\t<\/div>\n\t<\/div>\n<\/div><\/div><\/div><\/div><\/div><\/div><\/div><\/div><div class=\"vc_row-full-width vc_clearfix\"><\/div>\n<\/div>","protected":false},"excerpt":{"rendered":"<p>El Centro La raz\u00f3n de crear un centro tan especial como EDUARDO MUST CALDER\u00d3N fue de ser pioneros en combinar un multiespacio de alta peluquer\u00eda &#8211; est\u00e9tica, especial apartado de estilismo de peluquer\u00eda, novias, maquillaje, manicura spa, pedicura spa, depilaci\u00f3n. 280 m(2) de sal\u00f3n, con amplias cabinas de est\u00e9tica, especializadas en diferentes tratamientos de alta&hellip;<\/p>","protected":false},"author":1,"featured_media":0,"parent":0,"menu_order":100,"comment_status":"closed","ping_status":"closed","template":"","meta":{"footnotes":""},"class_list":["post-5","page","type-page","status-publish","hentry","description-off"],"_links":{"self":[{"href":"https:\/\/mustcalderon.com\/en\/wp-json\/wp\/v2\/pages\/5","targetHints":{"allow":["GET"]}}],"collection":[{"href":"https:\/\/mustcalderon.com\/en\/wp-json\/wp\/v2\/pages"}],"about":[{"href":"https:\/\/mustcalderon.com\/en\/wp-json\/wp\/v2\/types\/page"}],"author":[{"embeddable":true,"href":"https:\/\/mustcalderon.com\/en\/wp-json\/wp\/v2\/users\/1"}],"replies":[{"embeddable":true,"href":"https:\/\/mustcalderon.com\/en\/wp-json\/wp\/v2\/comments?post=5"}],"version-history":[{"count":0,"href":"https:\/\/mustcalderon.com\/en\/wp-json\/wp\/v2\/pages\/5\/revisions"}],"wp:attachment":[{"href":"https:\/\/mustcalderon.com\/en\/wp-json\/wp\/v2\/media?parent=5"}],"curies":[{"name":"wp","href":"https:\/\/api.w.org\/{rel}","templated":true}]}}