{"id":2873,"date":"2025-06-15T18:19:09","date_gmt":"2025-06-15T16:19:09","guid":{"rendered":"https:\/\/mustcalderon.wearepleh.com\/?page_id=2873"},"modified":"2025-07-08T12:49:59","modified_gmt":"2025-07-08T10:49:59","slug":"depilacion-laser","status":"publish","type":"page","link":"https:\/\/mustcalderon.com\/en\/depilacion-laser\/","title":{"rendered":"Hair removal laser"},"content":{"rendered":"<div class=\"wpb-content-wrapper\"><div class=\"vc_row wpb_row vc_row-fluid\"><div class=\"wpb_column vc_column_container vc_col-sm-12\"><div class=\"vc_column-inner\"><div class=\"wpb_wrapper\">\n\t<div  class=\"wpb_single_image wpb_content_element vc_align_center\">\n\t\t\n\t\t<figure class=\"wpb_wrapper vc_figure\">\n\t\t\t<div class=\"vc_single_image-wrapper   vc_box_border_grey\"><img decoding=\"async\" width=\"600\" height=\"360\" src=\"https:\/\/mustcalderon.com\/wp-content\/uploads\/sites\/40\/2023\/11\/IMG_4447.jpeg\" class=\"vc_single_image-img attachment-full\" alt=\"\" title=\"IMG_4447\" srcset=\"https:\/\/mustcalderon.com\/wp-content\/uploads\/sites\/40\/2023\/11\/IMG_4447.jpeg 600w, https:\/\/mustcalderon.com\/wp-content\/uploads\/sites\/40\/2023\/11\/IMG_4447-300x180.jpeg 300w\" sizes=\"(max-width: 600px) 100vw, 600px\"  data-dt-location=\"https:\/\/mustcalderon.com\/en\/depilacion-laser\/img_4447\/\" \/><\/div>\n\t\t<\/figure>\n\t<\/div>\n<div class=\"vc_empty_space\"   style=\"height: 32px\"><span class=\"vc_empty_space_inner\"><\/span><\/div>\n\t<div class=\"wpb_text_column wpb_content_element\" >\n\t\t<div class=\"wpb_wrapper\">\n\t\t\t<h4><span style=\"font-family: 'Raleway';\"><span style=\"color: #cbc200;\">DEPILACI\u00d3N LASER<\/span><\/span><\/h4>\n\n\t\t<\/div>\n\t<\/div>\n<div class=\"vc_empty_space\"   style=\"height: 32px\"><span class=\"vc_empty_space_inner\"><\/span><\/div>\n\t<div class=\"wpb_text_column wpb_content_element\" >\n\t\t<div class=\"wpb_wrapper\">\n\t\t\t<p>Dos sistemas diodo y alejandrita<\/p>\n<ul>\n<li>Tratamiento indoloro<\/li>\n<li>En cualquier \u00e9poca del a\u00f1o<\/li>\n<li>Todo tipo de pieles<\/li>\n<\/ul>\n\n\t\t<\/div>\n\t<\/div>\n<div class=\"vc_empty_space\"   style=\"height: 32px\"><span class=\"vc_empty_space_inner\"><\/span><\/div>\n\t<div class=\"wpb_text_column wpb_content_element  vc_custom_1700066617710\" >\n\t\t<div class=\"wpb_wrapper\">\n\t\t\t<p><strong>Precios por zonas:<\/strong><\/p>\n<p>Axilas 40\u20ac\u00a0 \u00a0 \u00a0 \u00a0 \u00a0 \u00a0 \u00a0 \u00a0 \u00a0 Facial (cualquier zona) 20\u20ac<br \/>\nIngles 40\u20ac\u00a0 \u00a0 \u00a0 \u00a0 \u00a0 \u00a0 \u00a0 \u00a0 \u00a0 Ingles integrables 55\u20ac<br \/>\nTorax 40\u20ac\u00a0 \u00a0 \u00a0 \u00a0 \u00a0 \u00a0 \u00a0 \u00a0 \u00a0 \u00a0Brazos completos 69\u20ac<br \/>\nAbdomen 40\u20ac\u00a0 \u00a0 \u00a0 \u00a0 \u00a0 \u00a0Medias piernas 60\u20ac<br \/>\nGl\u00fateo 39\u20ac\u00a0 \u00a0 \u00a0 \u00a0 \u00a0 \u00a0 \u00a0 \u00a0 \u00a0Piernas completas 99\u20ac<br \/>\nAreolas 19\u20ac\u00a0 \u00a0 \u00a0 \u00a0 \u00a0 \u00a0 \u00a0 \u00a0 L\u00ednea alba 19\u20ac<br \/>\nHombros 29\u20ac\u00a0 \u00a0 \u00a0 \u00a0 \u00a0 \u00a0 \u00a0Espalda completa 79\u20ac<\/p>\n\n\t\t<\/div>\n\t<\/div>\n<div class=\"vc_empty_space\"   style=\"height: 32px\"><span class=\"vc_empty_space_inner\"><\/span><\/div>\n\t<div class=\"wpb_text_column wpb_content_element\" >\n\t\t<div class=\"wpb_wrapper\">\n\t\t\t<p>Disponibilidad de paquetes con hasta un 20% de descuento.<br \/>\nPromociones por temporada (consulta).<\/p>\n<p>*Tenemos servicio de depilaci\u00f3n cera. Consulte precios<\/p>\n\n\t\t<\/div>\n\t<\/div>\n<\/div><\/div><\/div><\/div>\n<\/div>","protected":false},"excerpt":{"rendered":"<p>DEPILACI\u00d3N LASER Dos sistemas diodo y alejandrita Tratamiento indoloro En cualquier \u00e9poca del a\u00f1o Todo tipo de pieles Precios por zonas: Axilas 40\u20ac\u00a0 \u00a0 \u00a0 \u00a0 \u00a0 \u00a0 \u00a0 \u00a0 \u00a0 Facial (cualquier zona) 20\u20ac Ingles 40\u20ac\u00a0 \u00a0 \u00a0 \u00a0 \u00a0 \u00a0 \u00a0 \u00a0 \u00a0 Ingles integrables 55\u20ac Torax 40\u20ac\u00a0 \u00a0 \u00a0 \u00a0 \u00a0 \u00a0&hellip;<\/p>","protected":false},"author":1,"featured_media":0,"parent":0,"menu_order":0,"comment_status":"closed","ping_status":"closed","template":"","meta":{"footnotes":""},"class_list":["post-2873","page","type-page","status-publish","hentry","description-off"],"_links":{"self":[{"href":"https:\/\/mustcalderon.com\/en\/wp-json\/wp\/v2\/pages\/2873","targetHints":{"allow":["GET"]}}],"collection":[{"href":"https:\/\/mustcalderon.com\/en\/wp-json\/wp\/v2\/pages"}],"about":[{"href":"https:\/\/mustcalderon.com\/en\/wp-json\/wp\/v2\/types\/page"}],"author":[{"embeddable":true,"href":"https:\/\/mustcalderon.com\/en\/wp-json\/wp\/v2\/users\/1"}],"replies":[{"embeddable":true,"href":"https:\/\/mustcalderon.com\/en\/wp-json\/wp\/v2\/comments?post=2873"}],"version-history":[{"count":0,"href":"https:\/\/mustcalderon.com\/en\/wp-json\/wp\/v2\/pages\/2873\/revisions"}],"wp:attachment":[{"href":"https:\/\/mustcalderon.com\/en\/wp-json\/wp\/v2\/media?parent=2873"}],"curies":[{"name":"wp","href":"https:\/\/api.w.org\/{rel}","templated":true}]}}