{"id":2844,"date":"2023-11-11T20:32:41","date_gmt":"2023-11-11T18:32:41","guid":{"rendered":"https:\/\/mustcalderon.wearepleh.com\/?page_id=2844"},"modified":"2025-07-08T12:45:21","modified_gmt":"2025-07-08T10:45:21","slug":"servicios-de-estetica","status":"publish","type":"page","link":"https:\/\/mustcalderon.com\/en\/servicios-de-estetica\/","title":{"rendered":"Beauty services"},"content":{"rendered":"<div class=\"wpb-content-wrapper\"><div class=\"vc_row wpb_row vc_row-fluid\"><div class=\"wpb_column vc_column_container vc_col-sm-12\"><div class=\"vc_column-inner\"><div class=\"wpb_wrapper\">\n\t<div  class=\"wpb_single_image wpb_content_element vc_align_center\">\n\t\t\n\t\t<figure class=\"wpb_wrapper vc_figure\">\n\t\t\t<div class=\"vc_single_image-wrapper   vc_box_border_grey\"><img decoding=\"async\" width=\"1920\" height=\"584\" src=\"https:\/\/mustcalderon.com\/wp-content\/uploads\/sites\/40\/2023\/11\/31BCA59B-573A-4049-8252-298370397A13.jpg\" class=\"vc_single_image-img attachment-full\" alt=\"\" title=\"31BCA59B-573A-4049-8252-298370397A13\" srcset=\"https:\/\/mustcalderon.com\/wp-content\/uploads\/sites\/40\/2023\/11\/31BCA59B-573A-4049-8252-298370397A13.jpg 1920w, https:\/\/mustcalderon.com\/wp-content\/uploads\/sites\/40\/2023\/11\/31BCA59B-573A-4049-8252-298370397A13-300x91.jpg 300w, https:\/\/mustcalderon.com\/wp-content\/uploads\/sites\/40\/2023\/11\/31BCA59B-573A-4049-8252-298370397A13-1024x311.jpg 1024w, https:\/\/mustcalderon.com\/wp-content\/uploads\/sites\/40\/2023\/11\/31BCA59B-573A-4049-8252-298370397A13-768x234.jpg 768w, https:\/\/mustcalderon.com\/wp-content\/uploads\/sites\/40\/2023\/11\/31BCA59B-573A-4049-8252-298370397A13-1536x467.jpg 1536w\" sizes=\"(max-width: 1920px) 100vw, 1920px\"  data-dt-location=\"https:\/\/mustcalderon.com\/en\/servicios-de-estetica\/31bca59b-573a-4049-8252-298370397a13\/\" \/><\/div>\n\t\t<\/figure>\n\t<\/div>\n<div class=\"vc_empty_space\"   style=\"height: 32px\"><span class=\"vc_empty_space_inner\"><\/span><\/div>\n\t<div class=\"wpb_text_column wpb_content_element\" >\n\t\t<div class=\"wpb_wrapper\">\n\t\t\t<h2><span style=\"font-family: 'Raleway';\"><span style=\"color: #cbc200;\">MIRADA<\/span><\/span><\/h2>\n\n\t\t<\/div>\n\t<\/div>\n<div class=\"vc_empty_space\"   style=\"height: 32px\"><span class=\"vc_empty_space_inner\"><\/span><\/div><\/div><\/div><\/div><\/div><div class=\"vc_row wpb_row vc_row-fluid\"><div class=\"wpb_column vc_column_container vc_col-sm-12\"><div class=\"vc_column-inner\"><div class=\"wpb_wrapper\">\n\t<div class=\"wpb_text_column wpb_content_element\" >\n\t\t<div class=\"wpb_wrapper\">\n\t\t\t<p>Una mirada de ensue\u00f1o. Si\u00e9ntete como una autentica dios con nuestros tratamientos especiales para ensalzar tu mirada. T\u00fa decides si quieres potencias tus pesta\u00f1as con los servicios de lifting de pesta\u00f1as, o poder alcanzar al m\u00e1ximo volumen y\/o largura en ellas con los diferentes tipos de extensiones de pesta\u00f1as. Gracias a nuestros tratamientos la pesta\u00f1a natural no sufre y permanece en perfecto estado, ya que la respetamos al completo.<\/p>\n<p>Tambi\u00e9n contamos con servicios del marco de tu mirada como laminaci\u00f3n de cejas, donde buscamos acabar con una ceja despeinada y rebelde, o dise\u00f1o de cejas con henna que consiste en darle la forma deseada e intensidad de color para poder lucir unas cejas perfectas. Si estas dudando en micropigmentarte, este ultimo tratamiento es ideal para poder visualizarte el acabado.<\/p>\n\n\t\t<\/div>\n\t<\/div>\n<div class=\"vc_empty_space\"   style=\"height: 32px\"><span class=\"vc_empty_space_inner\"><\/span><\/div><\/div><\/div><\/div><\/div><div class=\"vc_row wpb_row vc_row-fluid\"><div class=\"wpb_column vc_column_container vc_col-sm-12\"><div class=\"vc_column-inner\"><div class=\"wpb_wrapper\"><div class=\"vc_empty_space\"   style=\"height: 16px\"><span class=\"vc_empty_space_inner\"><\/span><\/div><\/div><\/div><\/div><\/div><div class=\"vc_row wpb_row vc_row-fluid vc_custom_1699787437163\"><div class=\"wpb_column vc_column_container vc_col-sm-12\"><div class=\"vc_column-inner\"><div class=\"wpb_wrapper\">\n\t<div class=\"wpb_text_column wpb_content_element\" >\n\t\t<div class=\"wpb_wrapper\">\n\t\t\t<p><span style=\"color: #050022;\"><strong>PESTA\u00d1AS<\/strong><\/span><\/p>\n<p>Respetamos al 100% tu pesta\u00f1a natural<\/p>\n<ul>\n<li>Lifting de pesta\u00f1as: 45<\/li>\n<li>Lifting de pesta\u00f1as e hidrataci\u00f3n: 50<\/li>\n<li>Botox de pesta\u00f1as: 25<\/li>\n<li>Primera puesta de extensiones pelo a pelo: 65\n<ul>\n<li style=\"list-style-type: none;\">\n<ul>\n<li>Relleno cada 2 semanas: 50<\/li>\n<li>Relleno cada 3 semanas: 55<\/li>\n<li>Relleno cada 4 semanas: 60<\/li>\n<\/ul>\n<\/li>\n<\/ul>\n<\/li>\n<li>Primera puesta de extensiones Hibridas (pelo a pelo+volumen ruso): 75\n<ul>\n<li style=\"list-style-type: none;\">\n<ul>\n<li>Relleno cada 2 semanas: 60<\/li>\n<li>Relleno cada 3 semanas: 65<\/li>\n<li>Relleno cada 4 semanas: 70<\/li>\n<\/ul>\n<\/li>\n<\/ul>\n<\/li>\n<li>Primera puesta de extensiones 2D, 3D, 4D: 80\n<ul>\n<li style=\"list-style-type: none;\">\n<ul>\n<li>Relleno cada 2 semanas: 65<\/li>\n<li>Relleno cada 3 semanas: 70<\/li>\n<li>Relleno cada 4 semanas: 75<\/li>\n<\/ul>\n<\/li>\n<\/ul>\n<\/li>\n<\/ul>\n\n\t\t<\/div>\n\t<\/div>\n<div class=\"vc_empty_space\"   style=\"height: 32px\"><span class=\"vc_empty_space_inner\"><\/span><\/div><\/div><\/div><\/div><\/div><div class=\"vc_row wpb_row vc_row-fluid vc_custom_1699787437163\"><div class=\"wpb_column vc_column_container vc_col-sm-12\"><div class=\"vc_column-inner\"><div class=\"wpb_wrapper\">\n\t<div class=\"wpb_text_column wpb_content_element\" >\n\t\t<div class=\"wpb_wrapper\">\n\t\t\t<p><span style=\"color: #050022;\"><strong>CEJAS<\/strong><\/span><\/p>\n<ul>\n<li>Laminado cejas: 45<\/li>\n<li>Henna: 35<\/li>\n<li>Dise\u00f1o cejas hilo: 20<\/li>\n<\/ul>\n\n\t\t<\/div>\n\t<\/div>\n<\/div><\/div><\/div><\/div><div class=\"vc_row wpb_row vc_row-fluid\"><div class=\"wpb_column vc_column_container vc_col-sm-12\"><div class=\"vc_column-inner\"><div class=\"wpb_wrapper\"><div class=\"vc_empty_space\"   style=\"height: 50px\"><span class=\"vc_empty_space_inner\"><\/span><\/div>\n\t<div class=\"wpb_text_column wpb_content_element\" >\n\t\t<div class=\"wpb_wrapper\">\n\t\t\t<h2><span style=\"font-family: 'Raleway';\"><span style=\"color: #cbc200;\">U\u00d1AS<\/span><\/span><\/h2>\n\n\t\t<\/div>\n\t<\/div>\n<div class=\"vc_empty_space\"   style=\"height: 32px\"><span class=\"vc_empty_space_inner\"><\/span><\/div>\n\t<div class=\"wpb_text_column wpb_content_element\" >\n\t\t<div class=\"wpb_wrapper\">\n\t\t\t<p>Realizamos manicuras y pedicuras brasile\u00f1as con Brazzcare.<\/p>\n<p>Brazzcare nos permite dar un servicio Premium y exclusivo. Benef\u00edciate de todas sus ventajas hidrata tus manos o pies y cut\u00edculas, refuerza tus u\u00f1as y todo esto con la m\u00e1xima higiene ya que cada pack es desechable y \u00fanico para ti.<\/p>\n\n\t\t<\/div>\n\t<\/div>\n\n\t<div class=\"wpb_text_column wpb_content_element  vc_custom_1699788035748\" >\n\t\t<div class=\"wpb_wrapper\">\n\t\t\t<ul>\n<li>Manicura brasile\u00f1a BRAZZ CARE: 25<\/li>\n<li>Manicura con semipermanente: 35<\/li>\n<li>Pedicura brasile\u00f1a BRAZZ CARE: 25<\/li>\n<li>Pedicura con semipermanente: 35<\/li>\n<\/ul>\n\n\t\t<\/div>\n\t<\/div>\n<\/div><\/div><\/div><\/div><div class=\"vc_row wpb_row vc_row-fluid\"><div class=\"wpb_column vc_column_container vc_col-sm-12\"><div class=\"vc_column-inner\"><div class=\"wpb_wrapper\"><div class=\"vc_empty_space\"   style=\"height: 50px\"><span class=\"vc_empty_space_inner\"><\/span><\/div>\n\t<div class=\"wpb_text_column wpb_content_element\" >\n\t\t<div class=\"wpb_wrapper\">\n\t\t\t<h2><span style=\"font-family: 'Raleway';\"><span style=\"color: #cbc200;\">MAQUILLAJE<\/span><\/span><\/h2>\n\n\t\t<\/div>\n\t<\/div>\n<div class=\"vc_empty_space\"   style=\"height: 32px\"><span class=\"vc_empty_space_inner\"><\/span><\/div>\n\t<div class=\"wpb_text_column wpb_content_element\" >\n\t\t<div class=\"wpb_wrapper\">\n\t\t\t<p>Maquillaje social y maquillaje de novia. Te maquillaremos para elevarte, para ense\u00f1arte a llevar el maquillaje y no que \u00e9l te lleve a ti. Estudiamos al detalle tus necesidades y te acompa\u00f1amos en el proceso del maquillaje. \u00bfPor qu\u00e9? \u00bfC\u00f3mo? \u00bfy d\u00f3nde? Es lo que necesitas saber sobre qu\u00e9 productos utilizar.<\/p>\n<p>El maquillaje perfecto con la t\u00e9cnica adecuada a tu morfolog\u00eda, visagismo y personalidad, son la clave para lograr tu mejor versi\u00f3n.<\/p>\n\n\t\t<\/div>\n\t<\/div>\n<\/div><\/div><\/div><\/div>\n<\/div>","protected":false},"excerpt":{"rendered":"<p>MIRADA Una mirada de ensue\u00f1o. Si\u00e9ntete como una autentica dios con nuestros tratamientos especiales para ensalzar tu mirada. T\u00fa decides si quieres potencias tus pesta\u00f1as con los servicios de lifting de pesta\u00f1as, o poder alcanzar al m\u00e1ximo volumen y\/o largura en ellas con los diferentes tipos de extensiones de pesta\u00f1as. Gracias a nuestros tratamientos la&hellip;<\/p>","protected":false},"author":1,"featured_media":0,"parent":0,"menu_order":0,"comment_status":"closed","ping_status":"closed","template":"","meta":{"footnotes":""},"class_list":["post-2844","page","type-page","status-publish","hentry","description-off"],"_links":{"self":[{"href":"https:\/\/mustcalderon.com\/en\/wp-json\/wp\/v2\/pages\/2844","targetHints":{"allow":["GET"]}}],"collection":[{"href":"https:\/\/mustcalderon.com\/en\/wp-json\/wp\/v2\/pages"}],"about":[{"href":"https:\/\/mustcalderon.com\/en\/wp-json\/wp\/v2\/types\/page"}],"author":[{"embeddable":true,"href":"https:\/\/mustcalderon.com\/en\/wp-json\/wp\/v2\/users\/1"}],"replies":[{"embeddable":true,"href":"https:\/\/mustcalderon.com\/en\/wp-json\/wp\/v2\/comments?post=2844"}],"version-history":[{"count":0,"href":"https:\/\/mustcalderon.com\/en\/wp-json\/wp\/v2\/pages\/2844\/revisions"}],"wp:attachment":[{"href":"https:\/\/mustcalderon.com\/en\/wp-json\/wp\/v2\/media?parent=2844"}],"curies":[{"name":"wp","href":"https:\/\/api.w.org\/{rel}","templated":true}]}}