{"id":2681,"date":"2019-11-13T17:59:06","date_gmt":"2019-11-13T15:59:06","guid":{"rendered":"https:\/\/mustcalderon.wearepleh.com\/?page_id=2681"},"modified":"2025-07-08T12:45:21","modified_gmt":"2025-07-08T10:45:21","slug":"face-code","status":"publish","type":"page","link":"https:\/\/mustcalderon.com\/en\/face-code\/","title":{"rendered":"Face Code"},"content":{"rendered":"<div class=\"wpb-content-wrapper\"><div class=\"vc_row wpb_row vc_row-fluid\"><div class=\"wpb_column vc_column_container vc_col-sm-12\"><div class=\"vc_column-inner\"><div class=\"wpb_wrapper\">\n\t<div  class=\"wpb_single_image wpb_content_element vc_align_center\">\n\t\t\n\t\t<figure class=\"wpb_wrapper vc_figure\">\n\t\t\t<div class=\"vc_single_image-wrapper   vc_box_border_grey\"><img decoding=\"async\" width=\"1040\" height=\"360\" src=\"https:\/\/mustcalderon.com\/wp-content\/uploads\/sites\/40\/2019\/11\/BANNER-face-code-must.jpg\" class=\"vc_single_image-img attachment-full\" alt=\"\" title=\"BANNER-face-code-must\" srcset=\"https:\/\/mustcalderon.com\/wp-content\/uploads\/sites\/40\/2019\/11\/BANNER-face-code-must.jpg 1040w, https:\/\/mustcalderon.com\/wp-content\/uploads\/sites\/40\/2019\/11\/BANNER-face-code-must-300x104.jpg 300w, https:\/\/mustcalderon.com\/wp-content\/uploads\/sites\/40\/2019\/11\/BANNER-face-code-must-768x266.jpg 768w, https:\/\/mustcalderon.com\/wp-content\/uploads\/sites\/40\/2019\/11\/BANNER-face-code-must-1024x354.jpg 1024w\" sizes=\"(max-width: 1040px) 100vw, 1040px\"  data-dt-location=\"https:\/\/mustcalderon.com\/en\/banner-face-code-must\/\" \/><\/div>\n\t\t<\/figure>\n\t<\/div>\n<\/div><\/div><\/div><\/div><!-- Row Backgrounds --><div class=\"upb_color\" data-bg-override=\"full\" data-bg-color=\"#050022\" data-fadeout=\"\" data-fadeout-percentage=\"30\" data-parallax-content=\"\" data-parallax-content-sense=\"30\" data-row-effect-mobile-disable=\"true\" data-img-parallax-mobile-disable=\"true\" data-rtl=\"false\"  data-custom-vc-row=\"\"  data-vc=\"8.7.2\"  data-is_old_vc=\"\"  data-theme-support=\"\"   data-overlay=\"false\" data-overlay-color=\"\" data-overlay-pattern=\"\" data-overlay-pattern-opacity=\"\" data-overlay-pattern-size=\"\"    ><\/div><div class=\"vc_row wpb_row vc_row-fluid\"><div class=\"wpb_column vc_column_container vc_col-sm-12\"><div class=\"vc_column-inner\"><div class=\"wpb_wrapper\"><div class=\"vc_empty_space\"   style=\"height: 32px\"><span class=\"vc_empty_space_inner\"><\/span><\/div><\/div><\/div><\/div><\/div><div class=\"vc_row wpb_row vc_row-fluid\"><div class=\"wpb_column vc_column_container vc_col-sm-6\"><div class=\"vc_column-inner\"><div class=\"wpb_wrapper\"><p style=\"font-size: 24px;color: #000000;text-align: left;font-family:Raleway;font-weight:400;font-style:normal\" class=\"vc_custom_heading vc_do_custom_heading\" >FACE CODE<br \/>\nEl mood justo a cada rostro<\/p><p style=\"font-size: 18px;color: #000000;text-align: left;font-family:Raleway;font-weight:400;font-style:normal\" class=\"vc_custom_heading vc_do_custom_heading\" >Face Code es la nueva colecci\u00f3n SS 2019 de Compagnia della Bellezza. Este a\u00f1o, revelamos el c\u00f3digo secreto de la belleza de cada mujer: propuestas de estilo dise\u00f1adas en cada rostro.<\/p>\n<p>Incluso Leonardo estaba buscando la definici\u00f3n misma de la belleza. Lo codific\u00f3 en un conjunto de proporciones y medidas. Lo mismo que la Mona Lisa. Recogiendo su herencia, reescribimos nuestro c\u00f3digo; Hecho de rasgos, cortes y colores.<\/p><\/div><\/div><\/div><div class=\"wpb_column vc_column_container vc_col-sm-6\"><div class=\"vc_column-inner\"><div class=\"wpb_wrapper\">\n\t<div class=\"wpb_video_widget wpb_content_element vc_clearfix   vc_video-aspect-ratio-169 vc_video-el-width-100 vc_video-align-left\" >\n\t\t<div class=\"wpb_wrapper\">\n\t\t\t\n\t\t\t<div class=\"wpb_video_wrapper\"><iframe title=\"Face Code   Colecci\u00f3n Primavera Verano 2019\" width=\"500\" height=\"281\" src=\"https:\/\/www.youtube.com\/embed\/-DfRsVsUxGo?feature=oembed\" frameborder=\"0\" allow=\"accelerometer; autoplay; clipboard-write; encrypted-media; gyroscope; picture-in-picture; web-share\" referrerpolicy=\"strict-origin-when-cross-origin\" allowfullscreen><\/iframe><\/div>\n\t\t<\/div>\n\t<\/div>\n<\/div><\/div><\/div><\/div><div class=\"vc_row wpb_row vc_row-fluid vc_custom_1573660407803\"><div class=\"wpb_column vc_column_container vc_col-sm-12\"><div class=\"vc_column-inner\"><div class=\"wpb_wrapper\"><div class=\"hr-thin style-line accent-border-color\" style=\"width: 50%;border-top-width: 5px;\"><\/div><\/div><\/div><\/div><\/div><div class=\"vc_row wpb_row vc_row-fluid\"><div class=\"wpb_column vc_column_container vc_col-sm-12\"><div class=\"vc_column-inner\"><div class=\"wpb_wrapper\"><div class=\"dt-portfolio-shortcode slider-wrapper  owl-carousel dt-owl-carousel-init arrows-light enable-mobile-arrows description-on-hover hover-style-two effect-bubba\" data-padding-side=\"20\" data-autoslide=\"true\" data-delay=\"3000\" data-loop=\"false\" data-arrows=\"true\">\n\n<article class=\"post post-2703 dt_portfolio type-dt_portfolio status-publish has-post-thumbnail hentry dt_portfolio_category-face-code dt_portfolio_category-66\">\n\n\t<figure class=\"rollover-project forward-post\">\n\t<a href=\"https:\/\/mustcalderon.com\/en\/project\/balance-cut\/\" class=\"layzr-bg\" title=\"BALANCE1\"  aria-label=\"Post image\"><img fetchpriority=\"high\" decoding=\"async\" class=\"preload-me lazy-load aspect\" src=\"data:image\/svg+xml,%3Csvg%20xmlns%3D&#39;http%3A%2F%2Fwww.w3.org%2F2000%2Fsvg&#39;%20viewBox%3D&#39;0%200%20376%20210&#39;%2F%3E\" data-src=\"https:\/\/mustcalderon.com\/wp-content\/uploads\/sites\/40\/2019\/11\/BALANCE1-376x210.jpg\" data-srcset=\"https:\/\/mustcalderon.com\/wp-content\/uploads\/sites\/40\/2019\/11\/BALANCE1-376x210.jpg 376w, https:\/\/mustcalderon.com\/wp-content\/uploads\/sites\/40\/2019\/11\/BALANCE1.jpg 474w\" loading=\"eager\" style=\"--ratio: 376 \/ 210\" sizes=\"(max-width: 376px) 100vw, 376px\" alt=\"\" width=\"376\" height=\"210\"  \/><\/a>\t\t<figcaption class=\"rollover-content\">\n\t\t\t\t\t\t<div class=\"rollover-content-container\">\n\t\t\t<h3 class=\"entry-title\"><a href=\"https:\/\/mustcalderon.com\/en\/project\/balance-cut\/\" title=\"Balance Cut\" rel=\"bookmark\">Balance Cut<\/a><\/h3>\t\t<\/div>\n\t\t\t\t\t<\/figcaption>\n\t<\/figure>\n<\/article>\n\n\n\n<article class=\"post post-2665 dt_portfolio type-dt_portfolio status-publish has-post-thumbnail hentry dt_portfolio_category-face-code dt_portfolio_category-66\">\n\n\t<figure class=\"rollover-project forward-post\">\n\t<a href=\"https:\/\/mustcalderon.com\/en\/project\/sweet-personality-cut\/\" class=\"layzr-bg\" title=\"SWEET1\"  aria-label=\"Post image\"><img decoding=\"async\" class=\"preload-me lazy-load aspect\" src=\"data:image\/svg+xml,%3Csvg%20xmlns%3D&#39;http%3A%2F%2Fwww.w3.org%2F2000%2Fsvg&#39;%20viewBox%3D&#39;0%200%20376%20210&#39;%2F%3E\" data-src=\"https:\/\/mustcalderon.com\/wp-content\/uploads\/sites\/40\/2019\/11\/SWEET1-376x210.jpg\" data-srcset=\"https:\/\/mustcalderon.com\/wp-content\/uploads\/sites\/40\/2019\/11\/SWEET1-376x210.jpg 376w, https:\/\/mustcalderon.com\/wp-content\/uploads\/sites\/40\/2019\/11\/SWEET1.jpg 474w\" loading=\"eager\" style=\"--ratio: 376 \/ 210\" sizes=\"(max-width: 376px) 100vw, 376px\" alt=\"\" width=\"376\" height=\"210\"  \/><\/a>\t\t<figcaption class=\"rollover-content\">\n\t\t\t\t\t\t<div class=\"rollover-content-container\">\n\t\t\t<h3 class=\"entry-title\"><a href=\"https:\/\/mustcalderon.com\/en\/project\/sweet-personality-cut\/\" title=\"Sweet Personality Cut\" rel=\"bookmark\">Sweet Personality Cut<\/a><\/h3>\t\t<\/div>\n\t\t\t\t\t<\/figcaption>\n\t<\/figure>\n<\/article>\n\n\n\n<article class=\"post post-2652 dt_portfolio type-dt_portfolio status-publish has-post-thumbnail hentry dt_portfolio_category-face-code dt_portfolio_category-66\">\n\n\t<figure class=\"rollover-project forward-post\">\n\t<a href=\"https:\/\/mustcalderon.com\/en\/project\/personality-bowl-cut\/\" class=\"layzr-bg\" title=\"BAL\"  aria-label=\"Post image\"><img decoding=\"async\" class=\"preload-me lazy-load aspect\" src=\"data:image\/svg+xml,%3Csvg%20xmlns%3D&#39;http%3A%2F%2Fwww.w3.org%2F2000%2Fsvg&#39;%20viewBox%3D&#39;0%200%20376%20210&#39;%2F%3E\" data-src=\"https:\/\/mustcalderon.com\/wp-content\/uploads\/sites\/40\/2019\/11\/BAL-376x210.jpg\" data-srcset=\"https:\/\/mustcalderon.com\/wp-content\/uploads\/sites\/40\/2019\/11\/BAL-376x210.jpg 376w, https:\/\/mustcalderon.com\/wp-content\/uploads\/sites\/40\/2019\/11\/BAL.jpg 474w\" loading=\"eager\" style=\"--ratio: 376 \/ 210\" sizes=\"(max-width: 376px) 100vw, 376px\" alt=\"\" width=\"376\" height=\"210\"  \/><\/a>\t\t<figcaption class=\"rollover-content\">\n\t\t\t\t\t\t<div class=\"rollover-content-container\">\n\t\t\t<h3 class=\"entry-title\"><a href=\"https:\/\/mustcalderon.com\/en\/project\/personality-bowl-cut\/\" title=\"Personality Bowl Cut\" rel=\"bookmark\">Personality Bowl Cut<\/a><\/h3>\t\t<\/div>\n\t\t\t\t\t<\/figcaption>\n\t<\/figure>\n<\/article>\n\n\n\n<article class=\"post post-2647 dt_portfolio type-dt_portfolio status-publish has-post-thumbnail hentry dt_portfolio_category-face-code dt_portfolio_category-66\">\n\n\t<figure class=\"rollover-project forward-post\">\n\t<a href=\"https:\/\/mustcalderon.com\/en\/project\/personality-pixie-cut\/\" class=\"layzr-bg\" title=\"BALE\"  aria-label=\"Post image\"><img decoding=\"async\" class=\"preload-me lazy-load aspect\" src=\"data:image\/svg+xml,%3Csvg%20xmlns%3D&#39;http%3A%2F%2Fwww.w3.org%2F2000%2Fsvg&#39;%20viewBox%3D&#39;0%200%20376%20210&#39;%2F%3E\" data-src=\"https:\/\/mustcalderon.com\/wp-content\/uploads\/sites\/40\/2019\/11\/BALE-376x210.jpg\" data-srcset=\"https:\/\/mustcalderon.com\/wp-content\/uploads\/sites\/40\/2019\/11\/BALE-376x210.jpg 376w, https:\/\/mustcalderon.com\/wp-content\/uploads\/sites\/40\/2019\/11\/BALE.jpg 474w\" loading=\"eager\" style=\"--ratio: 376 \/ 210\" sizes=\"(max-width: 376px) 100vw, 376px\" alt=\"\" width=\"376\" height=\"210\"  \/><\/a>\t\t<figcaption class=\"rollover-content\">\n\t\t\t\t\t\t<div class=\"rollover-content-container\">\n\t\t\t<h3 class=\"entry-title\"><a href=\"https:\/\/mustcalderon.com\/en\/project\/personality-pixie-cut\/\" title=\"Personality Pixie Cut\" rel=\"bookmark\">Personality Pixie Cut<\/a><\/h3>\t\t<\/div>\n\t\t\t\t\t<\/figcaption>\n\t<\/figure>\n<\/article>\n\n\n\n<article class=\"post post-2642 dt_portfolio type-dt_portfolio status-publish has-post-thumbnail hentry dt_portfolio_category-face-code dt_portfolio_category-66\">\n\n\t<figure class=\"rollover-project forward-post\">\n\t<a href=\"https:\/\/mustcalderon.com\/en\/project\/seduction-cut\/\" class=\"layzr-bg\" title=\"SED\"  aria-label=\"Post image\"><img decoding=\"async\" class=\"preload-me lazy-load aspect\" src=\"data:image\/svg+xml,%3Csvg%20xmlns%3D&#39;http%3A%2F%2Fwww.w3.org%2F2000%2Fsvg&#39;%20viewBox%3D&#39;0%200%20376%20210&#39;%2F%3E\" data-src=\"https:\/\/mustcalderon.com\/wp-content\/uploads\/sites\/40\/2019\/11\/SED-376x210.jpg\" data-srcset=\"https:\/\/mustcalderon.com\/wp-content\/uploads\/sites\/40\/2019\/11\/SED-376x210.jpg 376w, https:\/\/mustcalderon.com\/wp-content\/uploads\/sites\/40\/2019\/11\/SED.jpg 474w\" loading=\"eager\" style=\"--ratio: 376 \/ 210\" sizes=\"(max-width: 376px) 100vw, 376px\" alt=\"\" width=\"376\" height=\"210\"  \/><\/a>\t\t<figcaption class=\"rollover-content\">\n\t\t\t\t\t\t<div class=\"rollover-content-container\">\n\t\t\t<h3 class=\"entry-title\"><a href=\"https:\/\/mustcalderon.com\/en\/project\/seduction-cut\/\" title=\"Seduction Cut\" rel=\"bookmark\">Seduction Cut<\/a><\/h3>\t\t<\/div>\n\t\t\t\t\t<\/figcaption>\n\t<\/figure>\n<\/article>\n\n<\/div><\/div><\/div><\/div><\/div>\n<\/div>","protected":false},"excerpt":{"rendered":"<p>FACE CODE El mood justo a cada rostroFace Code es la nueva colecci\u00f3n SS 2019 de Compagnia della Bellezza. Este a\u00f1o, revelamos el c\u00f3digo secreto de la belleza de cada mujer: propuestas de estilo dise\u00f1adas en cada rostro. Incluso Leonardo estaba buscando la definici\u00f3n misma de la belleza. Lo codific\u00f3 en un conjunto de proporciones&hellip;<\/p>","protected":false},"author":1,"featured_media":0,"parent":0,"menu_order":0,"comment_status":"closed","ping_status":"closed","template":"","meta":{"footnotes":""},"class_list":["post-2681","page","type-page","status-publish","hentry","description-off"],"_links":{"self":[{"href":"https:\/\/mustcalderon.com\/en\/wp-json\/wp\/v2\/pages\/2681","targetHints":{"allow":["GET"]}}],"collection":[{"href":"https:\/\/mustcalderon.com\/en\/wp-json\/wp\/v2\/pages"}],"about":[{"href":"https:\/\/mustcalderon.com\/en\/wp-json\/wp\/v2\/types\/page"}],"author":[{"embeddable":true,"href":"https:\/\/mustcalderon.com\/en\/wp-json\/wp\/v2\/users\/1"}],"replies":[{"embeddable":true,"href":"https:\/\/mustcalderon.com\/en\/wp-json\/wp\/v2\/comments?post=2681"}],"version-history":[{"count":0,"href":"https:\/\/mustcalderon.com\/en\/wp-json\/wp\/v2\/pages\/2681\/revisions"}],"wp:attachment":[{"href":"https:\/\/mustcalderon.com\/en\/wp-json\/wp\/v2\/media?parent=2681"}],"curies":[{"name":"wp","href":"https:\/\/api.w.org\/{rel}","templated":true}]}}