{"id":1649,"date":"2018-06-04T14:01:45","date_gmt":"2018-06-04T12:01:45","guid":{"rendered":"https:\/\/mustcalderon.wearepleh.com\/?page_id=1649"},"modified":"2025-07-08T12:45:21","modified_gmt":"2025-07-08T10:45:21","slug":"joya-italy","status":"publish","type":"page","link":"https:\/\/mustcalderon.com\/en\/joya-italy\/","title":{"rendered":"Joya Italy"},"content":{"rendered":"<div class=\"wpb-content-wrapper\"><div class=\"vc_row wpb_row vc_row-fluid\"><div class=\"wpb_column vc_column_container vc_col-sm-12\"><div class=\"vc_column-inner\"><div class=\"wpb_wrapper\">\n\t<div  class=\"wpb_single_image wpb_content_element vc_align_center\">\n\t\t\n\t\t<figure class=\"wpb_wrapper vc_figure\">\n\t\t\t<div class=\"vc_single_image-wrapper   vc_box_border_grey\"><img decoding=\"async\" width=\"1040\" height=\"250\" src=\"https:\/\/mustcalderon.com\/wp-content\/uploads\/sites\/40\/2018\/06\/Banner-JOYAITALY.jpg\" class=\"vc_single_image-img attachment-full\" alt=\"\" title=\"Banner-JOYAITALY\" srcset=\"https:\/\/mustcalderon.com\/wp-content\/uploads\/sites\/40\/2018\/06\/Banner-JOYAITALY.jpg 1040w, https:\/\/mustcalderon.com\/wp-content\/uploads\/sites\/40\/2018\/06\/Banner-JOYAITALY-300x72.jpg 300w, https:\/\/mustcalderon.com\/wp-content\/uploads\/sites\/40\/2018\/06\/Banner-JOYAITALY-768x185.jpg 768w, https:\/\/mustcalderon.com\/wp-content\/uploads\/sites\/40\/2018\/06\/Banner-JOYAITALY-1024x246.jpg 1024w\" sizes=\"(max-width: 1040px) 100vw, 1040px\"  data-dt-location=\"https:\/\/mustcalderon.com\/en\/joya-italy\/banner-joyaitaly\/\" \/><\/div>\n\t\t<\/figure>\n\t<\/div>\n<\/div><\/div><\/div><\/div><!-- Row Backgrounds --><div class=\"upb_color\" data-bg-override=\"0\" data-bg-color=\"#050022\" data-fadeout=\"\" data-fadeout-percentage=\"30\" data-parallax-content=\"\" data-parallax-content-sense=\"30\" data-row-effect-mobile-disable=\"true\" data-img-parallax-mobile-disable=\"true\" data-rtl=\"false\"  data-custom-vc-row=\"\"  data-vc=\"8.7.2\"  data-is_old_vc=\"\"  data-theme-support=\"\"   data-overlay=\"false\" data-overlay-color=\"\" data-overlay-pattern=\"\" data-overlay-pattern-opacity=\"\" data-overlay-pattern-size=\"\"    ><\/div><div class=\"vc_row wpb_row vc_row-fluid\"><div class=\"wpb_column vc_column_container vc_col-sm-12\"><div class=\"vc_column-inner\"><div class=\"wpb_wrapper\"><div class=\"vc_empty_space\"   style=\"height: 32px\"><span class=\"vc_empty_space_inner\"><\/span><\/div><\/div><\/div><\/div><\/div><div class=\"vc_row wpb_row vc_row-fluid\"><div class=\"wpb_column vc_column_container vc_col-sm-6\"><div class=\"vc_column-inner\"><div class=\"wpb_wrapper\"><p style=\"font-size: 24px;color: #000000;text-align: left;font-family:Raleway;font-weight:400;font-style:normal\" class=\"vc_custom_heading vc_do_custom_heading\" >JOY\u00c0 ITALY<br \/>\nA cada mujer su estilo<\/p><p style=\"font-size: 18px;color: #000000;text-align: left;font-family:Raleway;font-weight:400;font-style:normal\" class=\"vc_custom_heading vc_do_custom_heading\" >Este invierno nos invaden numerosas tendencias, el estilo artesanal vuelve a nosotros, aplicado con el m\u00e9todo Joy\u00e1 Haircut. Con el Ob-Shong, inspirado en los a\u00f1os 70\/80. El Glunge, un estilo de rock f\u00e1cil con ondas de playa. El estilo californiano en el Long Bob, ni muy corto ni demasiado largo. Para las que somos hiperfemeninas el estilo Long Pixie. <\/p><\/div><\/div><\/div><div class=\"wpb_column vc_column_container vc_col-sm-6\"><div class=\"vc_column-inner\"><div class=\"wpb_wrapper\">\n\t<div class=\"wpb_video_widget wpb_content_element vc_clearfix   vc_video-aspect-ratio-169 vc_video-el-width-100 vc_video-align-left\" >\n\t\t<div class=\"wpb_wrapper\">\n\t\t\t\n\t\t\t<div class=\"wpb_video_wrapper\"><iframe title=\"Colecci\u00f3n peluquer\u00eda oto\u00f1o-invierno 2016-2017 JOY\u00c0 ITALY\" width=\"500\" height=\"281\" src=\"https:\/\/www.youtube.com\/embed\/tEqySmpahhs?feature=oembed\" frameborder=\"0\" allow=\"accelerometer; autoplay; clipboard-write; encrypted-media; gyroscope; picture-in-picture; web-share\" referrerpolicy=\"strict-origin-when-cross-origin\" allowfullscreen><\/iframe><\/div>\n\t\t<\/div>\n\t<\/div>\n<\/div><\/div><\/div><\/div><div class=\"vc_row wpb_row vc_row-fluid vc_custom_1528113691300\"><div class=\"wpb_column vc_column_container vc_col-sm-12\"><div class=\"vc_column-inner\"><div class=\"wpb_wrapper\"><div class=\"hr-thin style-line accent-border-color\" style=\"width: 50%;border-top-width: 5px;\"><\/div><\/div><\/div><\/div><\/div><div class=\"vc_row wpb_row vc_row-fluid\"><div class=\"wpb_column vc_column_container vc_col-sm-12\"><div class=\"vc_column-inner\"><div class=\"wpb_wrapper\"><div class=\"dt-portfolio-shortcode slider-wrapper  owl-carousel dt-owl-carousel-init arrows-light enable-mobile-arrows description-on-hover hover-style-two effect-bubba\" data-padding-side=\"20\" data-autoslide=\"true\" data-delay=\"3000\" data-loop=\"false\" data-arrows=\"true\">\n\n<article class=\"post post-1738 dt_portfolio type-dt_portfolio status-publish has-post-thumbnail hentry dt_portfolio_category-joya-italy dt_portfolio_category-42\">\n\n\t<figure class=\"rollover-project forward-post\">\n\t<a href=\"https:\/\/mustcalderon.com\/en\/project\/watercolor-rosa-cuarzo\/\" class=\"layzr-bg\" title=\"WaterColor Rosa Cuarzo must\"  aria-label=\"Post image\"><img fetchpriority=\"high\" decoding=\"async\" class=\"preload-me lazy-load aspect\" src=\"data:image\/svg+xml,%3Csvg%20xmlns%3D&#39;http%3A%2F%2Fwww.w3.org%2F2000%2Fsvg&#39;%20viewBox%3D&#39;0%200%20376%20210&#39;%2F%3E\" data-src=\"https:\/\/mustcalderon.com\/wp-content\/uploads\/sites\/40\/2018\/06\/WaterColor-Rosa-Cuarzo-must-376x210.jpg\" data-srcset=\"https:\/\/mustcalderon.com\/wp-content\/uploads\/sites\/40\/2018\/06\/WaterColor-Rosa-Cuarzo-must-376x210.jpg 376w, https:\/\/mustcalderon.com\/wp-content\/uploads\/sites\/40\/2018\/06\/WaterColor-Rosa-Cuarzo-must.jpg 474w\" loading=\"eager\" style=\"--ratio: 376 \/ 210\" sizes=\"(max-width: 376px) 100vw, 376px\" alt=\"\" width=\"376\" height=\"210\"  \/><\/a>\t\t<figcaption class=\"rollover-content\">\n\t\t\t\t\t\t<div class=\"rollover-content-container\">\n\t\t\t<h3 class=\"entry-title\"><a href=\"https:\/\/mustcalderon.com\/en\/project\/watercolor-rosa-cuarzo\/\" title=\"WaterColor Rosa Cuarzo\" rel=\"bookmark\">WaterColor Rosa Cuarzo<\/a><\/h3>\t\t<\/div>\n\t\t\t\t\t<\/figcaption>\n\t<\/figure>\n<\/article>\n\n\n\n<article class=\"post post-1733 dt_portfolio type-dt_portfolio status-publish has-post-thumbnail hentry dt_portfolio_category-joya-italy dt_portfolio_category-42\">\n\n\t<figure class=\"rollover-project forward-post\">\n\t<a href=\"https:\/\/mustcalderon.com\/en\/project\/watercolor-opale\/\" class=\"layzr-bg\" title=\"WaterColor Opale must\"  aria-label=\"Post image\"><img decoding=\"async\" class=\"preload-me lazy-load aspect\" src=\"data:image\/svg+xml,%3Csvg%20xmlns%3D&#39;http%3A%2F%2Fwww.w3.org%2F2000%2Fsvg&#39;%20viewBox%3D&#39;0%200%20376%20210&#39;%2F%3E\" data-src=\"https:\/\/mustcalderon.com\/wp-content\/uploads\/sites\/40\/2018\/06\/WaterColor-Opale-must-376x210.jpg\" data-srcset=\"https:\/\/mustcalderon.com\/wp-content\/uploads\/sites\/40\/2018\/06\/WaterColor-Opale-must-376x210.jpg 376w, https:\/\/mustcalderon.com\/wp-content\/uploads\/sites\/40\/2018\/06\/WaterColor-Opale-must.jpg 474w\" loading=\"eager\" style=\"--ratio: 376 \/ 210\" sizes=\"(max-width: 376px) 100vw, 376px\" alt=\"\" width=\"376\" height=\"210\"  \/><\/a>\t\t<figcaption class=\"rollover-content\">\n\t\t\t\t\t\t<div class=\"rollover-content-container\">\n\t\t\t<h3 class=\"entry-title\"><a href=\"https:\/\/mustcalderon.com\/en\/project\/watercolor-opale\/\" title=\"WaterColor Opale\" rel=\"bookmark\">WaterColor Opale<\/a><\/h3>\t\t<\/div>\n\t\t\t\t\t<\/figcaption>\n\t<\/figure>\n<\/article>\n\n\n\n<article class=\"post post-1724 dt_portfolio type-dt_portfolio status-publish has-post-thumbnail hentry dt_portfolio_category-joya-italy dt_portfolio_category-42\">\n\n\t<figure class=\"rollover-project forward-post\">\n\t<a href=\"https:\/\/mustcalderon.com\/en\/project\/watercolor-denim-delave\/\" class=\"layzr-bg\" title=\"WaterColor Denim Delav\u00e9 must\"  aria-label=\"Post image\"><img decoding=\"async\" class=\"preload-me lazy-load aspect\" src=\"data:image\/svg+xml,%3Csvg%20xmlns%3D&#39;http%3A%2F%2Fwww.w3.org%2F2000%2Fsvg&#39;%20viewBox%3D&#39;0%200%20376%20210&#39;%2F%3E\" data-src=\"https:\/\/mustcalderon.com\/wp-content\/uploads\/sites\/40\/2018\/06\/WaterColor-Denim-Delav\u00e9-must-376x210.jpg\" data-srcset=\"https:\/\/mustcalderon.com\/wp-content\/uploads\/sites\/40\/2018\/06\/WaterColor-Denim-Delav\u00e9-must-376x210.jpg 376w, https:\/\/mustcalderon.com\/wp-content\/uploads\/sites\/40\/2018\/06\/WaterColor-Denim-Delav\u00e9-must.jpg 474w\" loading=\"eager\" style=\"--ratio: 376 \/ 210\" sizes=\"(max-width: 376px) 100vw, 376px\" alt=\"\" width=\"376\" height=\"210\"  \/><\/a>\t\t<figcaption class=\"rollover-content\">\n\t\t\t\t\t\t<div class=\"rollover-content-container\">\n\t\t\t<h3 class=\"entry-title\"><a href=\"https:\/\/mustcalderon.com\/en\/project\/watercolor-denim-delave\/\" title=\"WaterColor Denim Delav\u00e9\" rel=\"bookmark\">WaterColor Denim Delav\u00e9<\/a><\/h3>\t\t<\/div>\n\t\t\t\t\t<\/figcaption>\n\t<\/figure>\n<\/article>\n\n\n\n<article class=\"post post-1716 dt_portfolio type-dt_portfolio status-publish has-post-thumbnail hentry dt_portfolio_category-joya-italy dt_portfolio_category-42\">\n\n\t<figure class=\"rollover-project forward-post\">\n\t<a href=\"https:\/\/mustcalderon.com\/en\/project\/so-chic-braid\/\" class=\"layzr-bg\" title=\"So Chic Braid must\"  aria-label=\"Post image\"><img decoding=\"async\" class=\"preload-me lazy-load aspect\" src=\"data:image\/svg+xml,%3Csvg%20xmlns%3D&#39;http%3A%2F%2Fwww.w3.org%2F2000%2Fsvg&#39;%20viewBox%3D&#39;0%200%20376%20210&#39;%2F%3E\" data-src=\"https:\/\/mustcalderon.com\/wp-content\/uploads\/sites\/40\/2018\/06\/So-Chic-Braid-must-376x210.jpg\" data-srcset=\"https:\/\/mustcalderon.com\/wp-content\/uploads\/sites\/40\/2018\/06\/So-Chic-Braid-must-376x210.jpg 376w, https:\/\/mustcalderon.com\/wp-content\/uploads\/sites\/40\/2018\/06\/So-Chic-Braid-must.jpg 474w\" loading=\"eager\" style=\"--ratio: 376 \/ 210\" sizes=\"(max-width: 376px) 100vw, 376px\" alt=\"\" width=\"376\" height=\"210\"  \/><\/a>\t\t<figcaption class=\"rollover-content\">\n\t\t\t\t\t\t<div class=\"rollover-content-container\">\n\t\t\t<h3 class=\"entry-title\"><a href=\"https:\/\/mustcalderon.com\/en\/project\/so-chic-braid\/\" title=\"So Chic Braid\" rel=\"bookmark\">So Chic Braid<\/a><\/h3>\t\t<\/div>\n\t\t\t\t\t<\/figcaption>\n\t<\/figure>\n<\/article>\n\n\n\n<article class=\"post post-1706 dt_portfolio type-dt_portfolio status-publish has-post-thumbnail hentry dt_portfolio_category-joya-italy dt_portfolio_category-42\">\n\n\t<figure class=\"rollover-project forward-post\">\n\t<a href=\"https:\/\/mustcalderon.com\/en\/project\/short-bob\/\" class=\"layzr-bg\" title=\"Short Bob must\"  aria-label=\"Post image\"><img decoding=\"async\" class=\"preload-me lazy-load aspect\" src=\"data:image\/svg+xml,%3Csvg%20xmlns%3D&#39;http%3A%2F%2Fwww.w3.org%2F2000%2Fsvg&#39;%20viewBox%3D&#39;0%200%20376%20210&#39;%2F%3E\" data-src=\"https:\/\/mustcalderon.com\/wp-content\/uploads\/sites\/40\/2018\/06\/Short-Bob-must-376x210.jpg\" data-srcset=\"https:\/\/mustcalderon.com\/wp-content\/uploads\/sites\/40\/2018\/06\/Short-Bob-must-376x210.jpg 376w, https:\/\/mustcalderon.com\/wp-content\/uploads\/sites\/40\/2018\/06\/Short-Bob-must.jpg 474w\" loading=\"eager\" style=\"--ratio: 376 \/ 210\" sizes=\"(max-width: 376px) 100vw, 376px\" alt=\"\" width=\"376\" height=\"210\"  \/><\/a>\t\t<figcaption class=\"rollover-content\">\n\t\t\t\t\t\t<div class=\"rollover-content-container\">\n\t\t\t<h3 class=\"entry-title\"><a href=\"https:\/\/mustcalderon.com\/en\/project\/short-bob\/\" title=\"Short Bob\" rel=\"bookmark\">Short Bob<\/a><\/h3>\t\t<\/div>\n\t\t\t\t\t<\/figcaption>\n\t<\/figure>\n<\/article>\n\n\n\n<article class=\"post post-1699 dt_portfolio type-dt_portfolio status-publish has-post-thumbnail hentry dt_portfolio_category-joya-italy dt_portfolio_category-42\">\n\n\t<figure class=\"rollover-project forward-post\">\n\t<a href=\"https:\/\/mustcalderon.com\/en\/project\/ob-shag\/\" class=\"layzr-bg\" title=\"Ob Shag Must\"  aria-label=\"Post image\"><img decoding=\"async\" class=\"preload-me lazy-load aspect\" src=\"data:image\/svg+xml,%3Csvg%20xmlns%3D&#39;http%3A%2F%2Fwww.w3.org%2F2000%2Fsvg&#39;%20viewBox%3D&#39;0%200%20376%20210&#39;%2F%3E\" data-src=\"https:\/\/mustcalderon.com\/wp-content\/uploads\/sites\/40\/2018\/06\/Ob-Shag-Must-376x210.jpg\" data-srcset=\"https:\/\/mustcalderon.com\/wp-content\/uploads\/sites\/40\/2018\/06\/Ob-Shag-Must-376x210.jpg 376w, https:\/\/mustcalderon.com\/wp-content\/uploads\/sites\/40\/2018\/06\/Ob-Shag-Must.jpg 474w\" loading=\"eager\" style=\"--ratio: 376 \/ 210\" sizes=\"(max-width: 376px) 100vw, 376px\" alt=\"\" width=\"376\" height=\"210\"  \/><\/a>\t\t<figcaption class=\"rollover-content\">\n\t\t\t\t\t\t<div class=\"rollover-content-container\">\n\t\t\t<h3 class=\"entry-title\"><a href=\"https:\/\/mustcalderon.com\/en\/project\/ob-shag\/\" title=\"Ob Shag\" rel=\"bookmark\">Ob Shag<\/a><\/h3>\t\t<\/div>\n\t\t\t\t\t<\/figcaption>\n\t<\/figure>\n<\/article>\n\n\n\n<article class=\"post post-1690 dt_portfolio type-dt_portfolio status-publish has-post-thumbnail hentry dt_portfolio_category-joya-italy dt_portfolio_category-42\">\n\n\t<figure class=\"rollover-project forward-post\">\n\t<a href=\"https:\/\/mustcalderon.com\/en\/project\/long-pixie\/\" class=\"layzr-bg\" title=\"Long pixie must\"  aria-label=\"Post image\"><img decoding=\"async\" class=\"preload-me lazy-load aspect\" src=\"data:image\/svg+xml,%3Csvg%20xmlns%3D&#39;http%3A%2F%2Fwww.w3.org%2F2000%2Fsvg&#39;%20viewBox%3D&#39;0%200%20376%20210&#39;%2F%3E\" data-src=\"https:\/\/mustcalderon.com\/wp-content\/uploads\/sites\/40\/2018\/06\/Long-pixie-must-376x210.jpg\" data-srcset=\"https:\/\/mustcalderon.com\/wp-content\/uploads\/sites\/40\/2018\/06\/Long-pixie-must-376x210.jpg 376w, https:\/\/mustcalderon.com\/wp-content\/uploads\/sites\/40\/2018\/06\/Long-pixie-must.jpg 474w\" loading=\"eager\" style=\"--ratio: 376 \/ 210\" sizes=\"(max-width: 376px) 100vw, 376px\" alt=\"\" width=\"376\" height=\"210\"  \/><\/a>\t\t<figcaption class=\"rollover-content\">\n\t\t\t\t\t\t<div class=\"rollover-content-container\">\n\t\t\t<h3 class=\"entry-title\"><a href=\"https:\/\/mustcalderon.com\/en\/project\/long-pixie\/\" title=\"Long Pixie\" rel=\"bookmark\">Long Pixie<\/a><\/h3>\t\t<\/div>\n\t\t\t\t\t<\/figcaption>\n\t<\/figure>\n<\/article>\n\n\n\n<article class=\"post post-1684 dt_portfolio type-dt_portfolio status-publish has-post-thumbnail hentry dt_portfolio_category-joya-italy dt_portfolio_category-42\">\n\n\t<figure class=\"rollover-project forward-post\">\n\t<a href=\"https:\/\/mustcalderon.com\/en\/project\/long-bob\/\" class=\"layzr-bg\" title=\"Long Bob must\"  aria-label=\"Post image\"><img decoding=\"async\" class=\"preload-me lazy-load aspect\" src=\"data:image\/svg+xml,%3Csvg%20xmlns%3D&#39;http%3A%2F%2Fwww.w3.org%2F2000%2Fsvg&#39;%20viewBox%3D&#39;0%200%20376%20210&#39;%2F%3E\" data-src=\"https:\/\/mustcalderon.com\/wp-content\/uploads\/sites\/40\/2018\/06\/Long-Bob-must-376x210.jpg\" data-srcset=\"https:\/\/mustcalderon.com\/wp-content\/uploads\/sites\/40\/2018\/06\/Long-Bob-must-376x210.jpg 376w, https:\/\/mustcalderon.com\/wp-content\/uploads\/sites\/40\/2018\/06\/Long-Bob-must.jpg 474w\" loading=\"eager\" style=\"--ratio: 376 \/ 210\" sizes=\"(max-width: 376px) 100vw, 376px\" alt=\"\" width=\"376\" height=\"210\"  \/><\/a>\t\t<figcaption class=\"rollover-content\">\n\t\t\t\t\t\t<div class=\"rollover-content-container\">\n\t\t\t<h3 class=\"entry-title\"><a href=\"https:\/\/mustcalderon.com\/en\/project\/long-bob\/\" title=\"Long Bob\" rel=\"bookmark\">Long Bob<\/a><\/h3>\t\t<\/div>\n\t\t\t\t\t<\/figcaption>\n\t<\/figure>\n<\/article>\n\n\n\n<article class=\"post post-1669 dt_portfolio type-dt_portfolio status-publish has-post-thumbnail hentry dt_portfolio_category-joya-italy dt_portfolio_category-42\">\n\n\t<figure class=\"rollover-project forward-post\">\n\t<a href=\"https:\/\/mustcalderon.com\/en\/project\/glungefringe\/\" class=\"layzr-bg\" title=\"Glunge +Fringe must\"  aria-label=\"Post image\"><img decoding=\"async\" class=\"preload-me lazy-load aspect\" src=\"data:image\/svg+xml,%3Csvg%20xmlns%3D&#39;http%3A%2F%2Fwww.w3.org%2F2000%2Fsvg&#39;%20viewBox%3D&#39;0%200%20376%20210&#39;%2F%3E\" data-src=\"https:\/\/mustcalderon.com\/wp-content\/uploads\/sites\/40\/2018\/06\/Glunge-Fringe-must-376x210.jpg\" data-srcset=\"https:\/\/mustcalderon.com\/wp-content\/uploads\/sites\/40\/2018\/06\/Glunge-Fringe-must-376x210.jpg 376w, https:\/\/mustcalderon.com\/wp-content\/uploads\/sites\/40\/2018\/06\/Glunge-Fringe-must.jpg 474w\" loading=\"eager\" style=\"--ratio: 376 \/ 210\" sizes=\"(max-width: 376px) 100vw, 376px\" alt=\"\" width=\"376\" height=\"210\"  \/><\/a>\t\t<figcaption class=\"rollover-content\">\n\t\t\t\t\t\t<div class=\"rollover-content-container\">\n\t\t\t<h3 class=\"entry-title\"><a href=\"https:\/\/mustcalderon.com\/en\/project\/glungefringe\/\" title=\"Glunge+Fringe\" rel=\"bookmark\">Glunge+Fringe<\/a><\/h3>\t\t<\/div>\n\t\t\t\t\t<\/figcaption>\n\t<\/figure>\n<\/article>\n\n\n\n<article class=\"post post-1662 dt_portfolio type-dt_portfolio status-publish has-post-thumbnail hentry dt_portfolio_category-joya-italy dt_portfolio_category-42\">\n\n\t<figure class=\"rollover-project forward-post\">\n\t<a href=\"https:\/\/mustcalderon.com\/en\/project\/glamorous\/\" class=\"layzr-bg\" title=\"Glamorous must\"  aria-label=\"Post image\"><img decoding=\"async\" class=\"preload-me lazy-load aspect\" src=\"data:image\/svg+xml,%3Csvg%20xmlns%3D&#39;http%3A%2F%2Fwww.w3.org%2F2000%2Fsvg&#39;%20viewBox%3D&#39;0%200%20376%20210&#39;%2F%3E\" data-src=\"https:\/\/mustcalderon.com\/wp-content\/uploads\/sites\/40\/2018\/06\/Glamorous-must-376x210.jpg\" data-srcset=\"https:\/\/mustcalderon.com\/wp-content\/uploads\/sites\/40\/2018\/06\/Glamorous-must-376x210.jpg 376w, https:\/\/mustcalderon.com\/wp-content\/uploads\/sites\/40\/2018\/06\/Glamorous-must.jpg 474w\" loading=\"eager\" style=\"--ratio: 376 \/ 210\" sizes=\"(max-width: 376px) 100vw, 376px\" alt=\"\" width=\"376\" height=\"210\"  \/><\/a>\t\t<figcaption class=\"rollover-content\">\n\t\t\t\t\t\t<div class=\"rollover-content-container\">\n\t\t\t<h3 class=\"entry-title\"><a href=\"https:\/\/mustcalderon.com\/en\/project\/glamorous\/\" title=\"Glamorous\" rel=\"bookmark\">Glamorous<\/a><\/h3>\t\t<\/div>\n\t\t\t\t\t<\/figcaption>\n\t<\/figure>\n<\/article>\n\n\n\n<article class=\"post post-1638 dt_portfolio type-dt_portfolio status-publish has-post-thumbnail hentry dt_portfolio_category-joya-italy dt_portfolio_category-42\">\n\n\t<figure class=\"rollover-project forward-post\">\n\t<a href=\"https:\/\/mustcalderon.com\/en\/project\/bobfringe\/\" class=\"layzr-bg\" title=\"bob+fringe\"  aria-label=\"Post image\"><img decoding=\"async\" class=\"preload-me lazy-load aspect\" src=\"data:image\/svg+xml,%3Csvg%20xmlns%3D&#39;http%3A%2F%2Fwww.w3.org%2F2000%2Fsvg&#39;%20viewBox%3D&#39;0%200%20376%20210&#39;%2F%3E\" data-src=\"https:\/\/mustcalderon.com\/wp-content\/uploads\/sites\/40\/2018\/06\/bobfringe-376x210.jpg\" data-srcset=\"https:\/\/mustcalderon.com\/wp-content\/uploads\/sites\/40\/2018\/06\/bobfringe-376x210.jpg 376w, https:\/\/mustcalderon.com\/wp-content\/uploads\/sites\/40\/2018\/06\/bobfringe.jpg 474w\" loading=\"eager\" style=\"--ratio: 376 \/ 210\" sizes=\"(max-width: 376px) 100vw, 376px\" alt=\"\" width=\"376\" height=\"210\"  \/><\/a>\t\t<figcaption class=\"rollover-content\">\n\t\t\t\t\t\t<div class=\"rollover-content-container\">\n\t\t\t<h3 class=\"entry-title\"><a href=\"https:\/\/mustcalderon.com\/en\/project\/bobfringe\/\" title=\"Bob+Fringe\" rel=\"bookmark\">Bob+Fringe<\/a><\/h3>\t\t<\/div>\n\t\t\t\t\t<\/figcaption>\n\t<\/figure>\n<\/article>\n\n<\/div><\/div><\/div><\/div><\/div><div class=\"vc_row wpb_row vc_row-fluid\"><div class=\"wpb_column vc_column_container vc_col-sm-12\"><div class=\"vc_column-inner\"><div class=\"wpb_wrapper\"><\/div><\/div><\/div><\/div>\n<\/div>","protected":false},"excerpt":{"rendered":"<p>JOY\u00c0 ITALY A cada mujer su estiloEste invierno nos invaden numerosas tendencias, el estilo artesanal vuelve a nosotros, aplicado con el m\u00e9todo Joy\u00e1 Haircut. Con el Ob-Shong, inspirado en los a\u00f1os 70\/80. El Glunge, un estilo de rock f\u00e1cil con ondas de playa. El estilo californiano en el Long Bob, ni muy corto ni demasiado&hellip;<\/p>","protected":false},"author":1,"featured_media":0,"parent":0,"menu_order":0,"comment_status":"closed","ping_status":"closed","template":"","meta":{"footnotes":""},"class_list":["post-1649","page","type-page","status-publish","hentry","description-off"],"_links":{"self":[{"href":"https:\/\/mustcalderon.com\/en\/wp-json\/wp\/v2\/pages\/1649","targetHints":{"allow":["GET"]}}],"collection":[{"href":"https:\/\/mustcalderon.com\/en\/wp-json\/wp\/v2\/pages"}],"about":[{"href":"https:\/\/mustcalderon.com\/en\/wp-json\/wp\/v2\/types\/page"}],"author":[{"embeddable":true,"href":"https:\/\/mustcalderon.com\/en\/wp-json\/wp\/v2\/users\/1"}],"replies":[{"embeddable":true,"href":"https:\/\/mustcalderon.com\/en\/wp-json\/wp\/v2\/comments?post=1649"}],"version-history":[{"count":0,"href":"https:\/\/mustcalderon.com\/en\/wp-json\/wp\/v2\/pages\/1649\/revisions"}],"wp:attachment":[{"href":"https:\/\/mustcalderon.com\/en\/wp-json\/wp\/v2\/media?parent=1649"}],"curies":[{"name":"wp","href":"https:\/\/api.w.org\/{rel}","templated":true}]}}