{"id":1576,"date":"2025-05-30T20:46:01","date_gmt":"2025-05-30T18:46:01","guid":{"rendered":"https:\/\/mustcalderon.wearepleh.com\/?page_id=1576"},"modified":"2025-07-08T12:48:45","modified_gmt":"2025-07-08T10:48:45","slug":"be-you-tiful","status":"publish","type":"page","link":"https:\/\/mustcalderon.com\/en\/be-you-tiful\/","title":{"rendered":"Be You Tiful"},"content":{"rendered":"<div class=\"wpb-content-wrapper\"><div class=\"vc_row wpb_row vc_row-fluid\"><div class=\"wpb_column vc_column_container vc_col-sm-12\"><div class=\"vc_column-inner\"><div class=\"wpb_wrapper\">\n\t<div  class=\"wpb_single_image wpb_content_element vc_align_center\">\n\t\t\n\t\t<figure class=\"wpb_wrapper vc_figure\">\n\t\t\t<div class=\"vc_single_image-wrapper   vc_box_border_grey\"><img decoding=\"async\" width=\"1040\" height=\"250\" src=\"https:\/\/mustcalderon.com\/wp-content\/uploads\/sites\/40\/2018\/05\/must-calderon-Be-You-Tiful-Bilbao.jpg\" class=\"vc_single_image-img attachment-full\" alt=\"\" title=\"must-calderon-Be-You-Tiful-Bilbao\" srcset=\"https:\/\/mustcalderon.com\/wp-content\/uploads\/sites\/40\/2018\/05\/must-calderon-Be-You-Tiful-Bilbao.jpg 1040w, https:\/\/mustcalderon.com\/wp-content\/uploads\/sites\/40\/2018\/05\/must-calderon-Be-You-Tiful-Bilbao-300x72.jpg 300w, https:\/\/mustcalderon.com\/wp-content\/uploads\/sites\/40\/2018\/05\/must-calderon-Be-You-Tiful-Bilbao-768x185.jpg 768w, https:\/\/mustcalderon.com\/wp-content\/uploads\/sites\/40\/2018\/05\/must-calderon-Be-You-Tiful-Bilbao-1024x246.jpg 1024w\" sizes=\"(max-width: 1040px) 100vw, 1040px\"  data-dt-location=\"https:\/\/mustcalderon.com\/en\/be-you-tiful\/must-calderon-be-you-tiful-bilbao\/\" \/><\/div>\n\t\t<\/figure>\n\t<\/div>\n<\/div><\/div><\/div><\/div><!-- Row Backgrounds --><div class=\"upb_color\" data-bg-override=\"full\" data-bg-color=\"#050020\" data-fadeout=\"\" data-fadeout-percentage=\"30\" data-parallax-content=\"\" data-parallax-content-sense=\"30\" data-row-effect-mobile-disable=\"true\" data-img-parallax-mobile-disable=\"true\" data-rtl=\"false\"  data-custom-vc-row=\"\"  data-vc=\"8.7.2\"  data-is_old_vc=\"\"  data-theme-support=\"\"   data-overlay=\"false\" data-overlay-color=\"\" data-overlay-pattern=\"\" data-overlay-pattern-opacity=\"\" data-overlay-pattern-size=\"\"    ><\/div><div class=\"vc_row wpb_row vc_row-fluid\"><div class=\"wpb_column vc_column_container vc_col-sm-12\"><div class=\"vc_column-inner\"><div class=\"wpb_wrapper\"><div class=\"vc_empty_space\"   style=\"height: 32px\"><span class=\"vc_empty_space_inner\"><\/span><\/div><\/div><\/div><\/div><\/div><div class=\"vc_row wpb_row vc_row-fluid\"><div class=\"wpb_column vc_column_container vc_col-sm-6\"><div class=\"vc_column-inner\"><div class=\"wpb_wrapper\"><p style=\"font-size: 24px;color: #000000;text-align: left;font-family:Raleway;font-weight:400;font-style:normal\" class=\"vc_custom_heading vc_do_custom_heading\" >BE YOU TIFUL<br \/>\nIt\u2019s My Story<\/p><p style=\"font-size: 18px;color: #000000;text-align: left;font-family:Raleway;font-weight:400;font-style:normal\" class=\"vc_custom_heading vc_do_custom_heading\" ><\/p><\/div><\/div><\/div><div class=\"wpb_column vc_column_container vc_col-sm-6\"><div class=\"vc_column-inner\"><div class=\"wpb_wrapper\">\n\t<div class=\"wpb_video_widget wpb_content_element vc_clearfix   vc_video-aspect-ratio-169 vc_video-el-width-100 vc_video-align-left\" >\n\t\t<div class=\"wpb_wrapper\">\n\t\t\t\n\t\t\t<div class=\"wpb_video_wrapper\"><iframe title=\"Colecci\u00f3n Peluquer\u00eda BE YOU TIFUL oto\u00f1o invierno 2017\" width=\"500\" height=\"281\" src=\"https:\/\/www.youtube.com\/embed\/rGtpVhQwU3g?feature=oembed\" frameborder=\"0\" allow=\"accelerometer; autoplay; clipboard-write; encrypted-media; gyroscope; picture-in-picture; web-share\" referrerpolicy=\"strict-origin-when-cross-origin\" allowfullscreen><\/iframe><\/div>\n\t\t<\/div>\n\t<\/div>\n<\/div><\/div><\/div><\/div><div class=\"vc_row wpb_row vc_row-fluid vc_custom_1527706101980\"><div class=\"wpb_column vc_column_container vc_col-sm-12\"><div class=\"vc_column-inner\"><div class=\"wpb_wrapper\"><div class=\"hr-thin style-line accent-border-color\" style=\"width: 50%;border-top-width: 5px;\"><\/div><\/div><\/div><\/div><\/div><div class=\"vc_row wpb_row vc_row-fluid\"><div class=\"wpb_column vc_column_container vc_col-sm-12\"><div class=\"vc_column-inner\"><div class=\"wpb_wrapper\"><div class=\"dt-portfolio-shortcode slider-wrapper  owl-carousel dt-owl-carousel-init arrows-light enable-mobile-arrows description-on-hover hover-style-two effect-bubba\" data-padding-side=\"20\" data-autoslide=\"true\" data-delay=\"3000\" data-loop=\"false\" data-arrows=\"true\">\n\n<article class=\"post post-1584 dt_portfolio type-dt_portfolio status-publish has-post-thumbnail hentry dt_portfolio_category-2-be-you-tiful dt_portfolio_category-40\">\n\n\t<figure class=\"rollover-project forward-post\">\n\t<a href=\"https:\/\/mustcalderon.com\/en\/project\/astid\/\" class=\"layzr-bg\" title=\"mustcompaagnia Astid\"  aria-label=\"Post image\"><img fetchpriority=\"high\" decoding=\"async\" class=\"preload-me lazy-load aspect\" src=\"data:image\/svg+xml,%3Csvg%20xmlns%3D&#39;http%3A%2F%2Fwww.w3.org%2F2000%2Fsvg&#39;%20viewBox%3D&#39;0%200%20376%20210&#39;%2F%3E\" data-src=\"https:\/\/mustcalderon.com\/wp-content\/uploads\/sites\/40\/2018\/05\/mustcompaagnia-Astid-376x210.jpg\" data-srcset=\"https:\/\/mustcalderon.com\/wp-content\/uploads\/sites\/40\/2018\/05\/mustcompaagnia-Astid-376x210.jpg 376w, https:\/\/mustcalderon.com\/wp-content\/uploads\/sites\/40\/2018\/05\/mustcompaagnia-Astid.jpg 474w\" loading=\"eager\" style=\"--ratio: 376 \/ 210\" sizes=\"(max-width: 376px) 100vw, 376px\" alt=\"\" width=\"376\" height=\"210\"  \/><\/a>\t\t<figcaption class=\"rollover-content\">\n\t\t\t\t\t\t<div class=\"rollover-content-container\">\n\t\t\t<h3 class=\"entry-title\"><a href=\"https:\/\/mustcalderon.com\/en\/project\/astid\/\" title=\"Astid\" rel=\"bookmark\">Astid<\/a><\/h3>\t\t<\/div>\n\t\t\t\t\t<\/figcaption>\n\t<\/figure>\n<\/article>\n\n\n\n<article class=\"post post-1594 dt_portfolio type-dt_portfolio status-publish has-post-thumbnail hentry dt_portfolio_category-2-be-you-tiful dt_portfolio_category-40\">\n\n\t<figure class=\"rollover-project forward-post\">\n\t<a href=\"https:\/\/mustcalderon.com\/en\/project\/cora\/\" class=\"layzr-bg\" title=\"mustcompagnia Cora\"  aria-label=\"Post image\"><img decoding=\"async\" class=\"preload-me lazy-load aspect\" src=\"data:image\/svg+xml,%3Csvg%20xmlns%3D&#39;http%3A%2F%2Fwww.w3.org%2F2000%2Fsvg&#39;%20viewBox%3D&#39;0%200%20376%20210&#39;%2F%3E\" data-src=\"https:\/\/mustcalderon.com\/wp-content\/uploads\/sites\/40\/2018\/05\/mustcompagnia-Cora-376x210.jpg\" data-srcset=\"https:\/\/mustcalderon.com\/wp-content\/uploads\/sites\/40\/2018\/05\/mustcompagnia-Cora-376x210.jpg 376w, https:\/\/mustcalderon.com\/wp-content\/uploads\/sites\/40\/2018\/05\/mustcompagnia-Cora.jpg 474w\" loading=\"eager\" style=\"--ratio: 376 \/ 210\" sizes=\"(max-width: 376px) 100vw, 376px\" alt=\"\" width=\"376\" height=\"210\"  \/><\/a>\t\t<figcaption class=\"rollover-content\">\n\t\t\t\t\t\t<div class=\"rollover-content-container\">\n\t\t\t<h3 class=\"entry-title\"><a href=\"https:\/\/mustcalderon.com\/en\/project\/cora\/\" title=\"Cora\" rel=\"bookmark\">Cora<\/a><\/h3>\t\t<\/div>\n\t\t\t\t\t<\/figcaption>\n\t<\/figure>\n<\/article>\n\n\n\n<article class=\"post post-1611 dt_portfolio type-dt_portfolio status-publish has-post-thumbnail hentry dt_portfolio_category-2-be-you-tiful dt_portfolio_category-40\">\n\n\t<figure class=\"rollover-project forward-post\">\n\t<a href=\"https:\/\/mustcalderon.com\/en\/project\/florence\/\" class=\"layzr-bg\" title=\"must compania Florence\"  aria-label=\"Post image\"><img decoding=\"async\" class=\"preload-me lazy-load aspect\" src=\"data:image\/svg+xml,%3Csvg%20xmlns%3D&#39;http%3A%2F%2Fwww.w3.org%2F2000%2Fsvg&#39;%20viewBox%3D&#39;0%200%20376%20210&#39;%2F%3E\" data-src=\"https:\/\/mustcalderon.com\/wp-content\/uploads\/sites\/40\/2018\/06\/must-compania-Florence-376x210.jpg\" data-srcset=\"https:\/\/mustcalderon.com\/wp-content\/uploads\/sites\/40\/2018\/06\/must-compania-Florence-376x210.jpg 376w, https:\/\/mustcalderon.com\/wp-content\/uploads\/sites\/40\/2018\/06\/must-compania-Florence.jpg 474w\" loading=\"eager\" style=\"--ratio: 376 \/ 210\" sizes=\"(max-width: 376px) 100vw, 376px\" alt=\"\" width=\"376\" height=\"210\"  \/><\/a>\t\t<figcaption class=\"rollover-content\">\n\t\t\t\t\t\t<div class=\"rollover-content-container\">\n\t\t\t<h3 class=\"entry-title\"><a href=\"https:\/\/mustcalderon.com\/en\/project\/florence\/\" title=\"Florence\" rel=\"bookmark\">Florence<\/a><\/h3>\t\t<\/div>\n\t\t\t\t\t<\/figcaption>\n\t<\/figure>\n<\/article>\n\n\n\n<article class=\"post post-1622 dt_portfolio type-dt_portfolio status-publish has-post-thumbnail hentry dt_portfolio_category-2-be-you-tiful dt_portfolio_category-40\">\n\n\t<figure class=\"rollover-project forward-post\">\n\t<a href=\"https:\/\/mustcalderon.com\/en\/project\/grace\/\" class=\"layzr-bg\" title=\"mustcompagnia Grace\"  aria-label=\"Post image\"><img decoding=\"async\" class=\"preload-me lazy-load aspect\" src=\"data:image\/svg+xml,%3Csvg%20xmlns%3D&#39;http%3A%2F%2Fwww.w3.org%2F2000%2Fsvg&#39;%20viewBox%3D&#39;0%200%20376%20210&#39;%2F%3E\" data-src=\"https:\/\/mustcalderon.com\/wp-content\/uploads\/sites\/40\/2018\/06\/mustcompagnia-Grace-376x210.jpg\" data-srcset=\"https:\/\/mustcalderon.com\/wp-content\/uploads\/sites\/40\/2018\/06\/mustcompagnia-Grace-376x210.jpg 376w, https:\/\/mustcalderon.com\/wp-content\/uploads\/sites\/40\/2018\/06\/mustcompagnia-Grace.jpg 474w\" loading=\"eager\" style=\"--ratio: 376 \/ 210\" sizes=\"(max-width: 376px) 100vw, 376px\" alt=\"\" width=\"376\" height=\"210\"  \/><\/a>\t\t<figcaption class=\"rollover-content\">\n\t\t\t\t\t\t<div class=\"rollover-content-container\">\n\t\t\t<h3 class=\"entry-title\"><a href=\"https:\/\/mustcalderon.com\/en\/project\/grace\/\" title=\"Grace\" rel=\"bookmark\">Grace<\/a><\/h3>\t\t<\/div>\n\t\t\t\t\t<\/figcaption>\n\t<\/figure>\n<\/article>\n\n<\/div><\/div><\/div><\/div><\/div>\n<\/div>","protected":false},"excerpt":{"rendered":"<p>BE YOU TIFUL It\u2019s My Story<\/p>","protected":false},"author":1,"featured_media":0,"parent":0,"menu_order":0,"comment_status":"closed","ping_status":"closed","template":"","meta":{"footnotes":""},"class_list":["post-1576","page","type-page","status-publish","hentry","description-off"],"_links":{"self":[{"href":"https:\/\/mustcalderon.com\/en\/wp-json\/wp\/v2\/pages\/1576","targetHints":{"allow":["GET"]}}],"collection":[{"href":"https:\/\/mustcalderon.com\/en\/wp-json\/wp\/v2\/pages"}],"about":[{"href":"https:\/\/mustcalderon.com\/en\/wp-json\/wp\/v2\/types\/page"}],"author":[{"embeddable":true,"href":"https:\/\/mustcalderon.com\/en\/wp-json\/wp\/v2\/users\/1"}],"replies":[{"embeddable":true,"href":"https:\/\/mustcalderon.com\/en\/wp-json\/wp\/v2\/comments?post=1576"}],"version-history":[{"count":0,"href":"https:\/\/mustcalderon.com\/en\/wp-json\/wp\/v2\/pages\/1576\/revisions"}],"wp:attachment":[{"href":"https:\/\/mustcalderon.com\/en\/wp-json\/wp\/v2\/media?parent=1576"}],"curies":[{"name":"wp","href":"https:\/\/api.w.org\/{rel}","templated":true}]}}