{"id":1456,"date":"2018-05-29T12:04:18","date_gmt":"2018-05-29T10:04:18","guid":{"rendered":"https:\/\/mustcalderon.wearepleh.com\/?page_id=1456"},"modified":"2025-07-08T12:45:21","modified_gmt":"2025-07-08T10:45:21","slug":"lessenziale","status":"publish","type":"page","link":"https:\/\/mustcalderon.com\/en\/lessenziale\/","title":{"rendered":"L&#8217;Essenziale"},"content":{"rendered":"<div class=\"wpb-content-wrapper\"><div class=\"vc_row wpb_row vc_row-fluid\"><div class=\"wpb_column vc_column_container vc_col-sm-12\"><div class=\"vc_column-inner\"><div class=\"wpb_wrapper\">\n\t<div  class=\"wpb_single_image wpb_content_element vc_align_center\">\n\t\t\n\t\t<figure class=\"wpb_wrapper vc_figure\">\n\t\t\t<div class=\"vc_single_image-wrapper   vc_box_border_grey\"><img decoding=\"async\" width=\"1040\" height=\"250\" src=\"https:\/\/mustcalderon.com\/wp-content\/uploads\/sites\/40\/2018\/05\/banner-coleccion-essenziale.jpg\" class=\"vc_single_image-img attachment-full\" alt=\"\" title=\"banner-coleccion-essenziale\" srcset=\"https:\/\/mustcalderon.com\/wp-content\/uploads\/sites\/40\/2018\/05\/banner-coleccion-essenziale.jpg 1040w, https:\/\/mustcalderon.com\/wp-content\/uploads\/sites\/40\/2018\/05\/banner-coleccion-essenziale-300x72.jpg 300w, https:\/\/mustcalderon.com\/wp-content\/uploads\/sites\/40\/2018\/05\/banner-coleccion-essenziale-768x185.jpg 768w, https:\/\/mustcalderon.com\/wp-content\/uploads\/sites\/40\/2018\/05\/banner-coleccion-essenziale-1024x246.jpg 1024w\" sizes=\"(max-width: 1040px) 100vw, 1040px\"  data-dt-location=\"https:\/\/mustcalderon.com\/en\/lessenziale\/banner-coleccion-essenziale\/\" \/><\/div>\n\t\t<\/figure>\n\t<\/div>\n<\/div><\/div><\/div><\/div><!-- Row Backgrounds --><div class=\"upb_color\" data-bg-override=\"full\" data-bg-color=\"#050022\" data-fadeout=\"\" data-fadeout-percentage=\"30\" data-parallax-content=\"\" data-parallax-content-sense=\"30\" data-row-effect-mobile-disable=\"true\" data-img-parallax-mobile-disable=\"true\" data-rtl=\"false\"  data-custom-vc-row=\"\"  data-vc=\"8.7.2\"  data-is_old_vc=\"\"  data-theme-support=\"\"   data-overlay=\"false\" data-overlay-color=\"\" data-overlay-pattern=\"\" data-overlay-pattern-opacity=\"\" data-overlay-pattern-size=\"\"    ><\/div><div class=\"vc_row wpb_row vc_row-fluid\"><div class=\"wpb_column vc_column_container vc_col-sm-12\"><div class=\"vc_column-inner\"><div class=\"wpb_wrapper\"><div class=\"vc_empty_space\"   style=\"height: 32px\"><span class=\"vc_empty_space_inner\"><\/span><\/div><\/div><\/div><\/div><\/div><div class=\"vc_row wpb_row vc_row-fluid\"><div class=\"wpb_column vc_column_container vc_col-sm-6\"><div class=\"vc_column-inner\"><div class=\"wpb_wrapper\"><p style=\"font-size: 24px;color: #000000;text-align: left;font-family:Raleway;font-weight:400;font-style:normal\" class=\"vc_custom_heading vc_do_custom_heading\" >L\u2019ESSENZIALE<br \/>\nTemptation trend<br \/>\n<\/p><p style=\"font-size: 18px;color: #000000;text-align: left;font-family:Raleway;font-weight:400;font-style:normal\" class=\"vc_custom_heading vc_do_custom_heading\" >Las nuevas tendencias se definen como lo esencial. Enfoc\u00e1ndose en la esencia de cada mujer y su perfume. Nos transmite la emoci\u00f3n que un corte o un color puede sugerir a una mujer, su fuente de inspiraci\u00f3n. \u00a1Actitud! donde la mujer se representa a s\u00ed misma y no a los deseos de los dem\u00e1s.<\/p><\/div><\/div><\/div><div class=\"wpb_column vc_column_container vc_col-sm-6\"><div class=\"vc_column-inner\"><div class=\"wpb_wrapper\">\n\t<div class=\"wpb_video_widget wpb_content_element vc_clearfix   vc_video-aspect-ratio-169 vc_video-el-width-100 vc_video-align-left\" >\n\t\t<div class=\"wpb_wrapper\">\n\t\t\t\n\t\t\t<div class=\"wpb_video_wrapper\"><iframe title=\"L&#039;Essenziale colecci\u00f3n peluquer\u00eda Primavera Verano 2018\" width=\"500\" height=\"281\" src=\"https:\/\/www.youtube.com\/embed\/ZXhaQbRdfvs?feature=oembed\" frameborder=\"0\" allow=\"accelerometer; autoplay; clipboard-write; encrypted-media; gyroscope; picture-in-picture; web-share\" referrerpolicy=\"strict-origin-when-cross-origin\" allowfullscreen><\/iframe><\/div>\n\t\t<\/div>\n\t<\/div>\n<\/div><\/div><\/div><\/div><div class=\"vc_row wpb_row vc_row-fluid vc_custom_1527588538698\"><div class=\"wpb_column vc_column_container vc_col-sm-12\"><div class=\"vc_column-inner\"><div class=\"wpb_wrapper\"><div class=\"hr-thin style-line accent-border-color\" style=\"width: 50%;border-top-width: 5px;\"><\/div><\/div><\/div><\/div><\/div><div class=\"vc_row wpb_row vc_row-fluid\"><div class=\"wpb_column vc_column_container vc_col-sm-12\"><div class=\"vc_column-inner\"><div class=\"wpb_wrapper\"><div class=\"dt-portfolio-shortcode slider-wrapper  owl-carousel dt-owl-carousel-init arrows-light enable-mobile-arrows description-on-hover hover-style-two effect-bubba\" data-padding-side=\"20\" data-autoslide=\"true\" data-delay=\"3000\" data-loop=\"false\" data-arrows=\"true\">\n\n<article class=\"post post-1452 dt_portfolio type-dt_portfolio status-publish has-post-thumbnail hentry dt_portfolio_category-1-lessenziale dt_portfolio_category-36\">\n\n\t<figure class=\"rollover-project forward-post\">\n\t<a href=\"https:\/\/mustcalderon.com\/en\/project\/ideal-bob\/\" class=\"layzr-bg\" title=\"mustcompagnia - Ideal Bob - LOve and Bob\"  aria-label=\"Post image\"><img fetchpriority=\"high\" decoding=\"async\" class=\"preload-me lazy-load aspect\" src=\"data:image\/svg+xml,%3Csvg%20xmlns%3D&#39;http%3A%2F%2Fwww.w3.org%2F2000%2Fsvg&#39;%20viewBox%3D&#39;0%200%20376%20210&#39;%2F%3E\" data-src=\"https:\/\/mustcalderon.com\/wp-content\/uploads\/sites\/40\/2018\/05\/mustcompagnia-Ideal-Bob-LOve-and-Bob-376x210.jpg\" data-srcset=\"https:\/\/mustcalderon.com\/wp-content\/uploads\/sites\/40\/2018\/05\/mustcompagnia-Ideal-Bob-LOve-and-Bob-376x210.jpg 376w, https:\/\/mustcalderon.com\/wp-content\/uploads\/sites\/40\/2018\/05\/mustcompagnia-Ideal-Bob-LOve-and-Bob.jpg 474w\" loading=\"eager\" style=\"--ratio: 376 \/ 210\" sizes=\"(max-width: 376px) 100vw, 376px\" alt=\"\" width=\"376\" height=\"210\"  \/><\/a>\t\t<figcaption class=\"rollover-content\">\n\t\t\t\t\t\t<div class=\"rollover-content-container\">\n\t\t\t<h3 class=\"entry-title\"><a href=\"https:\/\/mustcalderon.com\/en\/project\/ideal-bob\/\" title=\"Ideal Bob- Love and Bob\" rel=\"bookmark\">Ideal Bob- Love and Bob<\/a><\/h3>\t\t<\/div>\n\t\t\t\t\t<\/figcaption>\n\t<\/figure>\n<\/article>\n\n\n\n<article class=\"post post-1489 dt_portfolio type-dt_portfolio status-publish has-post-thumbnail hentry dt_portfolio_category-1-lessenziale dt_portfolio_category-36\">\n\n\t<figure class=\"rollover-project forward-post\">\n\t<a href=\"https:\/\/mustcalderon.com\/en\/project\/longuette\/\" class=\"layzr-bg\" title=\"peluqueria must calderon-2\"  aria-label=\"Post image\"><img decoding=\"async\" class=\"preload-me lazy-load aspect\" src=\"data:image\/svg+xml,%3Csvg%20xmlns%3D&#39;http%3A%2F%2Fwww.w3.org%2F2000%2Fsvg&#39;%20viewBox%3D&#39;0%200%20375%20210&#39;%2F%3E\" data-src=\"https:\/\/mustcalderon.com\/wp-content\/uploads\/sites\/40\/2017\/09\/peluqueria-must-calderon-2-375x210.jpg\" data-srcset=\"https:\/\/mustcalderon.com\/wp-content\/uploads\/sites\/40\/2017\/09\/peluqueria-must-calderon-2-375x210.jpg 375w, https:\/\/mustcalderon.com\/wp-content\/uploads\/sites\/40\/2017\/09\/peluqueria-must-calderon-2.jpg 473w\" loading=\"eager\" style=\"--ratio: 375 \/ 210\" sizes=\"(max-width: 375px) 100vw, 375px\" alt=\"\" width=\"375\" height=\"210\"  \/><\/a>\t\t<figcaption class=\"rollover-content\">\n\t\t\t\t\t\t<div class=\"rollover-content-container\">\n\t\t\t<h3 class=\"entry-title\"><a href=\"https:\/\/mustcalderon.com\/en\/project\/longuette\/\" title=\"Longuette &#8211; Boy and Bowl\" rel=\"bookmark\">Longuette &#8211; Boy and Bowl<\/a><\/h3>\t\t<\/div>\n\t\t\t\t\t<\/figcaption>\n\t<\/figure>\n<\/article>\n\n\n\n<article class=\"post post-1491 dt_portfolio type-dt_portfolio status-publish has-post-thumbnail hentry dt_portfolio_category-1-lessenziale dt_portfolio_category-36\">\n\n\t<figure class=\"rollover-project forward-post\">\n\t<a href=\"https:\/\/mustcalderon.com\/en\/project\/longup\/\" class=\"layzr-bg\" title=\"mustcompagnia Long UP- Chic and Shag\"  aria-label=\"Post image\"><img decoding=\"async\" class=\"preload-me lazy-load aspect\" src=\"data:image\/svg+xml,%3Csvg%20xmlns%3D&#39;http%3A%2F%2Fwww.w3.org%2F2000%2Fsvg&#39;%20viewBox%3D&#39;0%200%20376%20210&#39;%2F%3E\" data-src=\"https:\/\/mustcalderon.com\/wp-content\/uploads\/sites\/40\/2018\/05\/mustcompagnia-Long-UP-Chic-and-Shag-376x210.jpg\" data-srcset=\"https:\/\/mustcalderon.com\/wp-content\/uploads\/sites\/40\/2018\/05\/mustcompagnia-Long-UP-Chic-and-Shag-376x210.jpg 376w, https:\/\/mustcalderon.com\/wp-content\/uploads\/sites\/40\/2018\/05\/mustcompagnia-Long-UP-Chic-and-Shag.jpg 474w\" loading=\"eager\" style=\"--ratio: 376 \/ 210\" sizes=\"(max-width: 376px) 100vw, 376px\" alt=\"\" width=\"376\" height=\"210\"  \/><\/a>\t\t<figcaption class=\"rollover-content\">\n\t\t\t\t\t\t<div class=\"rollover-content-container\">\n\t\t\t<h3 class=\"entry-title\"><a href=\"https:\/\/mustcalderon.com\/en\/project\/longup\/\" title=\"Long Up &#8211; Chic and Shag\" rel=\"bookmark\">Long Up &#8211; Chic and Shag<\/a><\/h3>\t\t<\/div>\n\t\t\t\t\t<\/figcaption>\n\t<\/figure>\n<\/article>\n\n\n\n<article class=\"post post-1493 dt_portfolio type-dt_portfolio status-publish has-post-thumbnail hentry dt_portfolio_category-1-lessenziale dt_portfolio_category-36\">\n\n\t<figure class=\"rollover-project forward-post\">\n\t<a href=\"https:\/\/mustcalderon.com\/en\/project\/short\/\" class=\"layzr-bg\" title=\"mustcompagnia E 15\"  aria-label=\"Post image\"><img decoding=\"async\" class=\"preload-me lazy-load aspect\" src=\"data:image\/svg+xml,%3Csvg%20xmlns%3D&#39;http%3A%2F%2Fwww.w3.org%2F2000%2Fsvg&#39;%20viewBox%3D&#39;0%200%20376%20210&#39;%2F%3E\" data-src=\"https:\/\/mustcalderon.com\/wp-content\/uploads\/sites\/40\/2018\/05\/mustcompagnia-E-15-376x210.jpg\" data-srcset=\"https:\/\/mustcalderon.com\/wp-content\/uploads\/sites\/40\/2018\/05\/mustcompagnia-E-15-376x210.jpg 376w, https:\/\/mustcalderon.com\/wp-content\/uploads\/sites\/40\/2018\/05\/mustcompagnia-E-15.jpg 474w\" loading=\"eager\" style=\"--ratio: 376 \/ 210\" sizes=\"(max-width: 376px) 100vw, 376px\" alt=\"\" width=\"376\" height=\"210\"  \/><\/a>\t\t<figcaption class=\"rollover-content\">\n\t\t\t\t\t\t<div class=\"rollover-content-container\">\n\t\t\t<h3 class=\"entry-title\"><a href=\"https:\/\/mustcalderon.com\/en\/project\/short\/\" title=\"Short &#8211; Boy and Bowl\" rel=\"bookmark\">Short &#8211; Boy and Bowl<\/a><\/h3>\t\t<\/div>\n\t\t\t\t\t<\/figcaption>\n\t<\/figure>\n<\/article>\n\n\n\n<article class=\"post post-1535 dt_portfolio type-dt_portfolio status-publish has-post-thumbnail hentry dt_portfolio_category-1-lessenziale dt_portfolio_category-36\">\n\n\t<figure class=\"rollover-project forward-post\">\n\t<a href=\"https:\/\/mustcalderon.com\/en\/project\/wonderland\/\" class=\"layzr-bg\" title=\"mustcompagnia Wondeland - Chic and Shag\"  aria-label=\"Post image\"><img decoding=\"async\" class=\"preload-me lazy-load aspect\" src=\"data:image\/svg+xml,%3Csvg%20xmlns%3D&#39;http%3A%2F%2Fwww.w3.org%2F2000%2Fsvg&#39;%20viewBox%3D&#39;0%200%20376%20210&#39;%2F%3E\" data-src=\"https:\/\/mustcalderon.com\/wp-content\/uploads\/sites\/40\/2018\/05\/mustcompagnia-Wondeland-Chic-and-Shag-376x210.jpg\" data-srcset=\"https:\/\/mustcalderon.com\/wp-content\/uploads\/sites\/40\/2018\/05\/mustcompagnia-Wondeland-Chic-and-Shag-376x210.jpg 376w, https:\/\/mustcalderon.com\/wp-content\/uploads\/sites\/40\/2018\/05\/mustcompagnia-Wondeland-Chic-and-Shag.jpg 474w\" loading=\"eager\" style=\"--ratio: 376 \/ 210\" sizes=\"(max-width: 376px) 100vw, 376px\" alt=\"\" width=\"376\" height=\"210\"  \/><\/a>\t\t<figcaption class=\"rollover-content\">\n\t\t\t\t\t\t<div class=\"rollover-content-container\">\n\t\t\t<h3 class=\"entry-title\"><a href=\"https:\/\/mustcalderon.com\/en\/project\/wonderland\/\" title=\"Wonderland &#8211; Chic and Shag\" rel=\"bookmark\">Wonderland &#8211; Chic and Shag<\/a><\/h3>\t\t<\/div>\n\t\t\t\t\t<\/figcaption>\n\t<\/figure>\n<\/article>\n\n<\/div><\/div><\/div><\/div><\/div>\n<\/div>","protected":false},"excerpt":{"rendered":"<p>L\u2019ESSENZIALE Temptation trend Las nuevas tendencias se definen como lo esencial. Enfoc\u00e1ndose en la esencia de cada mujer y su perfume. Nos transmite la emoci\u00f3n que un corte o un color puede sugerir a una mujer, su fuente de inspiraci\u00f3n. \u00a1Actitud! donde la mujer se representa a s\u00ed misma y no a los deseos de&hellip;<\/p>","protected":false},"author":1,"featured_media":0,"parent":0,"menu_order":0,"comment_status":"closed","ping_status":"closed","template":"","meta":{"footnotes":""},"class_list":["post-1456","page","type-page","status-publish","hentry","description-off"],"_links":{"self":[{"href":"https:\/\/mustcalderon.com\/en\/wp-json\/wp\/v2\/pages\/1456","targetHints":{"allow":["GET"]}}],"collection":[{"href":"https:\/\/mustcalderon.com\/en\/wp-json\/wp\/v2\/pages"}],"about":[{"href":"https:\/\/mustcalderon.com\/en\/wp-json\/wp\/v2\/types\/page"}],"author":[{"embeddable":true,"href":"https:\/\/mustcalderon.com\/en\/wp-json\/wp\/v2\/users\/1"}],"replies":[{"embeddable":true,"href":"https:\/\/mustcalderon.com\/en\/wp-json\/wp\/v2\/comments?post=1456"}],"version-history":[{"count":0,"href":"https:\/\/mustcalderon.com\/en\/wp-json\/wp\/v2\/pages\/1456\/revisions"}],"wp:attachment":[{"href":"https:\/\/mustcalderon.com\/en\/wp-json\/wp\/v2\/media?parent=1456"}],"curies":[{"name":"wp","href":"https:\/\/api.w.org\/{rel}","templated":true}]}}