{"id":1255,"date":"2025-06-07T11:52:08","date_gmt":"2025-06-07T09:52:08","guid":{"rendered":"https:\/\/mustcalderon.wearepleh.com\/?page_id=1255"},"modified":"2025-07-08T12:49:22","modified_gmt":"2025-07-08T10:49:22","slug":"centro-capilar","status":"publish","type":"page","link":"https:\/\/mustcalderon.com\/en\/centro-capilar\/","title":{"rendered":"Centro Capilar"},"content":{"rendered":"<div class=\"wpb-content-wrapper\"><div data-vc-full-width=\"true\" data-vc-full-width-temp=\"true\" data-vc-full-width-init=\"false\" class=\"vc_row wpb_row vc_row-fluid vc_custom_1501681306179 vc_row-has-fill\"><div class=\"wpb_column vc_column_container vc_col-sm-12 vc_col-lg-12 vc_col-md-12\"><div class=\"vc_column-inner vc_custom_1476030031960\"><div class=\"wpb_wrapper\"><div id=\"ultimate-heading-604069e3065caacc7\" class=\"uvc-heading ult-adjust-bottom-margin ultimate-heading-604069e3065caacc7 uvc-8499\" data-hspacer=\"no_spacer\"  data-halign=\"center\" style=\"text-align:center\"><div class=\"uvc-heading-spacer no_spacer\" style=\"top\"><\/div><div class=\"uvc-main-heading ult-responsive\"  data-ultimate-target='.uvc-heading.ultimate-heading-604069e3065caacc7 h2'  data-responsive-json-new='{\"font-size\":\"desktop:50px;tablet_portrait:40px;\",\"line-height\":\"desktop:60px;tablet_portrait:50px;\"}' ><h2 style=\"font-weight:normal;color:#ffffff;margin-bottom:15px;\">Centro Capilar<\/h2><\/div><\/div><style type=\"text\/css\" data-type=\"the7_shortcodes-inline-css\">.dt-breadcrumbs-id-16e665200845908ed9b092d84a89bf8f .breadcrumbs {\n  display: inline-block;\n  margin: 0;\n  padding: 2px 12px 2px 12px;\n  background: rgba(255,255,255,0.01);\n  border: 1px solid rgba(255,255,255,0.15);\n  border-radius: 0px;\n}\n.dt-breadcrumbs-id-16e665200845908ed9b092d84a89bf8f .breadcrumbs * {\n  font-size: 13px;\n  line-height: 16px;\n  color: #ffffff;\n}<\/style><div class=\"dt-breadcrumbs-shortcode dt-breadcrumbs-id-16e665200845908ed9b092d84a89bf8f align-centre\"><div class=\"assistive-text\">You are here:<\/div><ol class=\"breadcrumbs text-small\" itemscope itemtype=\"https:\/\/schema.org\/BreadcrumbList\"><li itemprop=\"itemListElement\" itemscope itemtype=\"https:\/\/schema.org\/ListItem\"><a itemprop=\"item\" href=\"https:\/\/mustcalderon.com\/en\/\" title=\"Home\"><span itemprop=\"name\">Home<\/span><\/a><meta itemprop=\"position\" content=\"1\" \/><\/li><li class=\"current\" itemprop=\"itemListElement\" itemscope itemtype=\"https:\/\/schema.org\/ListItem\"><span itemprop=\"name\">Page<\/span><meta itemprop=\"position\" content=\"2\" \/><\/li><\/ol><\/div><\/div><\/div><\/div><\/div><div class=\"vc_row-full-width vc_clearfix\"><\/div><!-- Row Backgrounds --><div class=\"upb_bg_img\" data-ultimate-bg=\"url(https:\/\/mustcalderon.com\/wp-content\/uploads\/sites\/40\/2016\/01\/foto-centro-home.jpg)\" data-image-id=\"id^1157|url^https:\/\/wearepleh.com\/wp-content\/uploads\/sites\/40\/2016\/01\/foto-centro-home.jpg|caption^null|alt^null|title^foto-centro-home|description^null\" data-ultimate-bg-style=\"vcpb-default\" data-bg-img-repeat=\"no-repeat\" data-bg-img-size=\"cover\" data-bg-img-position=\"\" data-parallx_sense=\"30\" data-bg-override=\"ex-full\" data-bg_img_attach=\"scroll\" data-upb-overlay-color=\"rgba(0,0,0,0.5)\" data-upb-bg-animation=\"\" data-fadeout=\"\" data-bg-animation=\"left-animation\" data-bg-animation-type=\"h\" data-animation-repeat=\"repeat\" data-fadeout-percentage=\"30\" data-parallax-content=\"\" data-parallax-content-sense=\"30\" data-row-effect-mobile-disable=\"true\" data-img-parallax-mobile-disable=\"true\" data-rtl=\"false\"  data-custom-vc-row=\"\"  data-vc=\"8.7.2\"  data-is_old_vc=\"\"  data-theme-support=\"\"   data-overlay=\"true\" data-overlay-color=\"rgba(0,0,0,0.5)\" data-overlay-pattern=\"https:\/\/mustcalderon.com\/wp-content\/plugins\/Ultimate_VC_Addons\/assets\/images\/patterns\/02.png\" data-overlay-pattern-opacity=\"0.2\" data-overlay-pattern-size=\"\" data-overlay-pattern-attachment=\"scroll\"    ><\/div><div class=\"vc_row wpb_row vc_row-fluid\"><div class=\"wpb_column vc_column_container vc_col-sm-12\"><div class=\"vc_column-inner\"><div class=\"wpb_wrapper\">\n\t<div class=\"wpb_text_column wpb_content_element\" >\n\t\t<div class=\"wpb_wrapper\">\n\t\t\t<p>P\u00e1gina en construcci\u00f3n. Pr\u00f3ximamente podr\u00e1s consultarla.<\/p>\n\n\t\t<\/div>\n\t<\/div>\n<\/div><\/div><\/div><\/div>\n<\/div>","protected":false},"excerpt":{"rendered":"<p>Centro Capilar P\u00e1gina en construcci\u00f3n. Pr\u00f3ximamente podr\u00e1s consultarla.<\/p>","protected":false},"author":1,"featured_media":0,"parent":0,"menu_order":0,"comment_status":"closed","ping_status":"closed","template":"","meta":{"footnotes":""},"class_list":["post-1255","page","type-page","status-publish","hentry","description-off"],"_links":{"self":[{"href":"https:\/\/mustcalderon.com\/en\/wp-json\/wp\/v2\/pages\/1255","targetHints":{"allow":["GET"]}}],"collection":[{"href":"https:\/\/mustcalderon.com\/en\/wp-json\/wp\/v2\/pages"}],"about":[{"href":"https:\/\/mustcalderon.com\/en\/wp-json\/wp\/v2\/types\/page"}],"author":[{"embeddable":true,"href":"https:\/\/mustcalderon.com\/en\/wp-json\/wp\/v2\/users\/1"}],"replies":[{"embeddable":true,"href":"https:\/\/mustcalderon.com\/en\/wp-json\/wp\/v2\/comments?post=1255"}],"version-history":[{"count":0,"href":"https:\/\/mustcalderon.com\/en\/wp-json\/wp\/v2\/pages\/1255\/revisions"}],"wp:attachment":[{"href":"https:\/\/mustcalderon.com\/en\/wp-json\/wp\/v2\/media?parent=1255"}],"curies":[{"name":"wp","href":"https:\/\/api.w.org\/{rel}","templated":true}]}}