{"id":1237,"date":"2017-09-07T11:45:33","date_gmt":"2017-09-07T09:45:33","guid":{"rendered":"https:\/\/mustcalderon.wearepleh.com\/?page_id=1237"},"modified":"2025-07-08T12:45:21","modified_gmt":"2025-07-08T10:45:21","slug":"aparatologia","status":"publish","type":"page","link":"https:\/\/mustcalderon.com\/en\/estetica\/aparatologia\/","title":{"rendered":"Appliances"},"content":{"rendered":"<div class=\"wpb-content-wrapper\"><div class=\"vc_row wpb_row vc_row-fluid vc_custom_1527082418285 vc_row-has-fill\"><div class=\"wpb_column vc_column_container vc_col-sm-12 vc_col-lg-12 vc_col-md-12\"><div class=\"vc_column-inner vc_custom_1476030031960\"><div class=\"wpb_wrapper\">\n\t<div  class=\"wpb_single_image wpb_content_element vc_align_center  vc_custom_1700135425110\">\n\t\t\n\t\t<figure class=\"wpb_wrapper vc_figure\">\n\t\t\t<div class=\"vc_single_image-wrapper   vc_box_border_grey\"><img decoding=\"async\" width=\"393\" height=\"253\" src=\"https:\/\/mustcalderon.com\/wp-content\/uploads\/sites\/40\/2023\/11\/Principal-aparatologia.jpg\" class=\"vc_single_image-img attachment-full\" alt=\"\" title=\"Principal aparatologia\" srcset=\"https:\/\/mustcalderon.com\/wp-content\/uploads\/sites\/40\/2023\/11\/Principal-aparatologia.jpg 393w, https:\/\/mustcalderon.com\/wp-content\/uploads\/sites\/40\/2023\/11\/Principal-aparatologia-300x193.jpg 300w\" sizes=\"(max-width: 393px) 100vw, 393px\"  data-dt-location=\"https:\/\/mustcalderon.com\/en\/estetica\/aparatologia\/principal-aparatologia\/\" \/><\/div>\n\t\t<\/figure>\n\t<\/div>\n<div class=\"vc_empty_space\"   style=\"height: 32px\"><span class=\"vc_empty_space_inner\"><\/span><\/div>\n\t<div class=\"wpb_text_column wpb_content_element\" >\n\t\t<div class=\"wpb_wrapper\">\n\t\t\t<p><a name=\"zzzzz\"><\/a><\/p>\n<h4><span style=\"font-family: 'Raleway';\"><span style=\"color: #cbc200;\">APARATOLOG\u00cdA<\/span><\/span><\/h4>\n\n\t\t<\/div>\n\t<\/div>\n<div class=\"vc_empty_space\"   style=\"height: 32px\"><span class=\"vc_empty_space_inner\"><\/span><\/div>\n\t<div class=\"wpb_text_column wpb_content_element  vc_custom_1699695802538\" >\n\t\t<div class=\"wpb_wrapper\">\n\t\t\t<p>Contamos con diferente aparatolog\u00eda para cubrir distintas necesidades de rostro y cuerpo, y contamos con la \u00faltima tecnolog\u00eda en depilaci\u00f3n l\u00e1ser. (Consulta diferentes paquetes personalizados)<\/p>\n\n\t\t<\/div>\n\t<\/div>\n<div class=\"vc_empty_space\"   style=\"height: 32px\"><span class=\"vc_empty_space_inner\"><\/span><\/div><\/div><\/div><\/div><\/div><div class=\"vc_row wpb_row vc_row-fluid\"><div class=\"wpb_column vc_column_container vc_col-sm-3\"><div class=\"vc_column-inner\"><div class=\"wpb_wrapper\">\n\t<div  class=\"wpb_single_image wpb_content_element vc_align_left\">\n\t\t\n\t\t<figure class=\"wpb_wrapper vc_figure\">\n\t\t\t<div class=\"vc_single_image-wrapper   vc_box_border_grey\"><img decoding=\"async\" width=\"600\" height=\"380\" src=\"https:\/\/mustcalderon.com\/wp-content\/uploads\/sites\/40\/2023\/11\/presoterapia.jpg\" class=\"vc_single_image-img attachment-large\" alt=\"\" title=\"presoterapia\" srcset=\"https:\/\/mustcalderon.com\/wp-content\/uploads\/sites\/40\/2023\/11\/presoterapia.jpg 600w, https:\/\/mustcalderon.com\/wp-content\/uploads\/sites\/40\/2023\/11\/presoterapia-300x190.jpg 300w\" sizes=\"(max-width: 600px) 100vw, 600px\"  data-dt-location=\"https:\/\/mustcalderon.com\/en\/estetica\/aparatologia\/presoterapia\/\" \/><\/div>\n\t\t<\/figure>\n\t<\/div>\n<\/div><\/div><\/div><div class=\"wpb_column vc_column_container vc_col-sm-9\"><div class=\"vc_column-inner\"><div class=\"wpb_wrapper\">\n\t<div class=\"wpb_text_column wpb_content_element\" >\n\t\t<div class=\"wpb_wrapper\">\n\t\t\t<p><strong>Presoterapia<\/strong><\/p>\n<p>Reducci\u00f3n y reafirmaci\u00f3n. Un tratamiento perfecto para despu\u00e9s de una competici\u00f3n, adelgazamiento, circulaci\u00f3n perif\u00e9rica, retenci\u00f3n de l\u00edquidos, relajaci\u00f3n, tratamiento muscular, insuficiencia venosa y piernas cansadas.<\/p>\n<p><strong>Precio:<\/strong> 25 \u20ac &#8211;<strong> Duraci\u00f3n<\/strong>: 30 minutos<\/p>\n\n\t\t<\/div>\n\t<\/div>\n<\/div><\/div><\/div><\/div><!-- Row Backgrounds --><div class=\"upb_color\" data-bg-override=\"0\" data-bg-color=\"#f7f7f7\" data-fadeout=\"\" data-fadeout-percentage=\"30\" data-parallax-content=\"\" data-parallax-content-sense=\"30\" data-row-effect-mobile-disable=\"true\" data-img-parallax-mobile-disable=\"true\" data-rtl=\"false\"  data-custom-vc-row=\"\"  data-vc=\"8.7.2\"  data-is_old_vc=\"\"  data-theme-support=\"\"   data-overlay=\"false\" data-overlay-color=\"\" data-overlay-pattern=\"\" data-overlay-pattern-opacity=\"\" data-overlay-pattern-size=\"\"    ><\/div><div class=\"vc_row wpb_row vc_row-fluid\"><div class=\"wpb_column vc_column_container vc_col-sm-12\"><div class=\"vc_column-inner\"><div class=\"wpb_wrapper\"><div class=\"vc_empty_space\"   style=\"height: 32px\"><span class=\"vc_empty_space_inner\"><\/span><\/div><div class=\"hr-thin style-line accent-border-color\" style=\"width: 75%;border-top-width: 3px;\"><\/div><div class=\"vc_empty_space\"   style=\"height: 32px\"><span class=\"vc_empty_space_inner\"><\/span><\/div><\/div><\/div><\/div><\/div><div class=\"vc_row wpb_row vc_row-fluid\"><div class=\"wpb_column vc_column_container vc_col-sm-3\"><div class=\"vc_column-inner\"><div class=\"wpb_wrapper\">\n\t<div  class=\"wpb_single_image wpb_content_element vc_align_left\">\n\t\t\n\t\t<figure class=\"wpb_wrapper vc_figure\">\n\t\t\t<div class=\"vc_single_image-wrapper   vc_box_border_grey\"><img decoding=\"async\" width=\"1024\" height=\"657\" src=\"https:\/\/mustcalderon.com\/wp-content\/uploads\/sites\/40\/2023\/11\/emsculptor-1024x657.png\" class=\"vc_single_image-img attachment-large\" alt=\"\" title=\"emsculptor\" srcset=\"https:\/\/mustcalderon.com\/wp-content\/uploads\/sites\/40\/2023\/11\/emsculptor-1024x657.png 1024w, https:\/\/mustcalderon.com\/wp-content\/uploads\/sites\/40\/2023\/11\/emsculptor-300x192.png 300w, https:\/\/mustcalderon.com\/wp-content\/uploads\/sites\/40\/2023\/11\/emsculptor-768x493.png 768w, https:\/\/mustcalderon.com\/wp-content\/uploads\/sites\/40\/2023\/11\/emsculptor.png 1144w\" sizes=\"(max-width: 1024px) 100vw, 1024px\"  data-dt-location=\"https:\/\/mustcalderon.com\/en\/estetica\/aparatologia\/emsculptor\/\" \/><\/div>\n\t\t<\/figure>\n\t<\/div>\n<\/div><\/div><\/div><div class=\"wpb_column vc_column_container vc_col-sm-9\"><div class=\"vc_column-inner\"><div class=\"wpb_wrapper\">\n\t<div class=\"wpb_text_column wpb_content_element\" >\n\t\t<div class=\"wpb_wrapper\">\n\t\t\t<p><strong>Emsculptor<\/strong><\/p>\n<p>Tratamiento que reduce la grasa y aumenta la masa muscular, no invasivo, ni doloroso. Hablamos del \u00fanico tratamiento capaz de, al mismo tiempo, desarrollas m\u00fasculo y esculpir el cuerpo. Con una sesi\u00f3n, logramos una reacci\u00f3n que nos permite mejorar el tono muscular.<\/p>\n<p><strong>Precio:<\/strong> 60 \u20ac &#8211;<strong> Duraci\u00f3n<\/strong>: 30 minutos<\/p>\n\n\t\t<\/div>\n\t<\/div>\n<\/div><\/div><\/div><\/div><!-- Row Backgrounds --><div class=\"upb_color\" data-bg-override=\"0\" data-bg-color=\"#f7f7f7\" data-fadeout=\"\" data-fadeout-percentage=\"30\" data-parallax-content=\"\" data-parallax-content-sense=\"30\" data-row-effect-mobile-disable=\"true\" data-img-parallax-mobile-disable=\"true\" data-rtl=\"false\"  data-custom-vc-row=\"\"  data-vc=\"8.7.2\"  data-is_old_vc=\"\"  data-theme-support=\"\"   data-overlay=\"false\" data-overlay-color=\"\" data-overlay-pattern=\"\" data-overlay-pattern-opacity=\"\" data-overlay-pattern-size=\"\"    ><\/div><div class=\"vc_row wpb_row vc_row-fluid\"><div class=\"wpb_column vc_column_container vc_col-sm-12\"><div class=\"vc_column-inner\"><div class=\"wpb_wrapper\"><div class=\"vc_empty_space\"   style=\"height: 32px\"><span class=\"vc_empty_space_inner\"><\/span><\/div><div class=\"hr-thin style-line accent-border-color\" style=\"width: 75%;border-top-width: 3px;\"><\/div><div class=\"vc_empty_space\"   style=\"height: 32px\"><span class=\"vc_empty_space_inner\"><\/span><\/div><\/div><\/div><\/div><\/div><div class=\"vc_row wpb_row vc_row-fluid\"><div class=\"wpb_column vc_column_container vc_col-sm-3\"><div class=\"vc_column-inner\"><div class=\"wpb_wrapper\">\n\t<div  class=\"wpb_single_image wpb_content_element vc_align_left\">\n\t\t\n\t\t<figure class=\"wpb_wrapper vc_figure\">\n\t\t\t<div class=\"vc_single_image-wrapper   vc_box_border_grey\"><img decoding=\"async\" width=\"262\" height=\"197\" src=\"https:\/\/mustcalderon.com\/wp-content\/uploads\/sites\/40\/2017\/09\/radiofrencia-facial_44685432.jpg\" class=\"vc_single_image-img attachment-large\" alt=\"\" title=\"radiofrencia facial_44685432\"  data-dt-location=\"https:\/\/mustcalderon.com\/en\/estetica\/aparatologia\/radiofrencia-facial_44685432\/\" \/><\/div>\n\t\t<\/figure>\n\t<\/div>\n<\/div><\/div><\/div><div class=\"wpb_column vc_column_container vc_col-sm-9\"><div class=\"vc_column-inner\"><div class=\"wpb_wrapper\">\n\t<div class=\"wpb_text_column wpb_content_element\" >\n\t\t<div class=\"wpb_wrapper\">\n\t\t\t<p><strong>Radiofrecuencia facial (cara, cuello y escote)<\/strong><\/p>\n<p>La radiofrecuencia se trata de aplicar energ\u00eda a trav\u00e9s de la superficie de la piel mediante un calentamiento profundo y controlado, provocando la producci\u00f3n de fibras de col\u00e1geno y elastina.<\/p>\n<p>Resultados: Reducci\u00f3n de arrugas de expresi\u00f3n, contorno de ojos y escote. Aportando luminosidad y rejuvenecimiento al \u00f3valo facial.<\/p>\n<p><strong>Precio:<\/strong> 65 \u20ac &#8211;<strong> Duraci\u00f3n<\/strong>: 45 minutos<\/p>\n\n\t\t<\/div>\n\t<\/div>\n<\/div><\/div><\/div><\/div><!-- Row Backgrounds --><div class=\"upb_color\" data-bg-override=\"0\" data-bg-color=\"#f7f7f7\" data-fadeout=\"\" data-fadeout-percentage=\"30\" data-parallax-content=\"\" data-parallax-content-sense=\"30\" data-row-effect-mobile-disable=\"true\" data-img-parallax-mobile-disable=\"true\" data-rtl=\"false\"  data-custom-vc-row=\"\"  data-vc=\"8.7.2\"  data-is_old_vc=\"\"  data-theme-support=\"\"   data-overlay=\"false\" data-overlay-color=\"\" data-overlay-pattern=\"\" data-overlay-pattern-opacity=\"\" data-overlay-pattern-size=\"\"    ><\/div><div class=\"vc_row wpb_row vc_row-fluid\"><div class=\"wpb_column vc_column_container vc_col-sm-12\"><div class=\"vc_column-inner\"><div class=\"wpb_wrapper\"><div class=\"vc_empty_space\"   style=\"height: 32px\"><span class=\"vc_empty_space_inner\"><\/span><\/div><div class=\"hr-thin style-line accent-border-color\" style=\"width: 75%;border-top-width: 3px;\"><\/div><div class=\"vc_empty_space\"   style=\"height: 32px\"><span class=\"vc_empty_space_inner\"><\/span><\/div><\/div><\/div><\/div><\/div><div class=\"vc_row wpb_row vc_row-fluid\"><div class=\"wpb_column vc_column_container vc_col-sm-3\"><div class=\"vc_column-inner\"><div class=\"wpb_wrapper\">\n\t<div  class=\"wpb_single_image wpb_content_element vc_align_left\">\n\t\t\n\t\t<figure class=\"wpb_wrapper vc_figure\">\n\t\t\t<div class=\"vc_single_image-wrapper   vc_box_border_grey\"><img decoding=\"async\" width=\"262\" height=\"197\" src=\"https:\/\/mustcalderon.com\/wp-content\/uploads\/sites\/40\/2017\/09\/radiofrecuencia-corporal_44763177.jpg\" class=\"vc_single_image-img attachment-large\" alt=\"\" title=\"radiofrecuencia corporal_44763177\"  data-dt-location=\"https:\/\/mustcalderon.com\/en\/estetica\/aparatologia\/radiofrecuencia-corporal_44763177\/\" \/><\/div>\n\t\t<\/figure>\n\t<\/div>\n<\/div><\/div><\/div><div class=\"wpb_column vc_column_container vc_col-sm-9\"><div class=\"vc_column-inner\"><div class=\"wpb_wrapper\">\n\t<div class=\"wpb_text_column wpb_content_element\" >\n\t\t<div class=\"wpb_wrapper\">\n\t\t\t<p><strong>Radiofrecuencia corporal (celulitis, flacidez, grasa localizada, contornos, volumen corporal)<\/strong><\/p>\n<p>La radiofrecuencia se trata de aplicar energ\u00eda a trav\u00e9s de la superficie de la piel mediante un calentamiento profundo y controlado, provocando la producci\u00f3n de fibras de col\u00e1geno y elastina.<\/p>\n<p>Resultados: Disminuci\u00f3n de la celulitis y la flaccidez en la cara interna de brazos y piernas, abdomen, cintura, rodilla y gl\u00fateos, piel lisa y tersa.<\/p>\n<p><strong>Precio:<\/strong> 65 \u20ac &#8211;<strong> Duraci\u00f3n<\/strong>: 45 minutos<\/p>\n\n\t\t<\/div>\n\t<\/div>\n<\/div><\/div><\/div><\/div><!-- Row Backgrounds --><div class=\"upb_color\" data-bg-override=\"0\" data-bg-color=\"#f7f7f7\" data-fadeout=\"\" data-fadeout-percentage=\"30\" data-parallax-content=\"\" data-parallax-content-sense=\"30\" data-row-effect-mobile-disable=\"true\" data-img-parallax-mobile-disable=\"true\" data-rtl=\"false\"  data-custom-vc-row=\"\"  data-vc=\"8.7.2\"  data-is_old_vc=\"\"  data-theme-support=\"\"   data-overlay=\"false\" data-overlay-color=\"\" data-overlay-pattern=\"\" data-overlay-pattern-opacity=\"\" data-overlay-pattern-size=\"\"    ><\/div><div class=\"vc_row wpb_row vc_row-fluid\"><div class=\"wpb_column vc_column_container vc_col-sm-12\"><div class=\"vc_column-inner\"><div class=\"wpb_wrapper\"><div class=\"vc_empty_space\"   style=\"height: 32px\"><span class=\"vc_empty_space_inner\"><\/span><\/div><div class=\"hr-thin style-line accent-border-color\" style=\"width: 75%;border-top-width: 3px;\"><\/div><div class=\"vc_empty_space\"   style=\"height: 32px\"><span class=\"vc_empty_space_inner\"><\/span><\/div><\/div><\/div><\/div><\/div><div class=\"vc_row wpb_row vc_row-fluid\"><div class=\"wpb_column vc_column_container vc_col-sm-3\"><div class=\"vc_column-inner\"><div class=\"wpb_wrapper\">\n\t<div  class=\"wpb_single_image wpb_content_element vc_align_left\">\n\t\t\n\t\t<figure class=\"wpb_wrapper vc_figure\">\n\t\t\t<div class=\"vc_single_image-wrapper   vc_box_border_grey\"><img decoding=\"async\" width=\"262\" height=\"245\" src=\"https:\/\/mustcalderon.com\/wp-content\/uploads\/sites\/40\/2017\/09\/laser-lipolitico_2_91460777.jpg\" class=\"vc_single_image-img attachment-large\" alt=\"\" title=\"laser lipolitico_2_91460777\"  data-dt-location=\"https:\/\/mustcalderon.com\/en\/estetica\/aparatologia\/laser-lipolitico_2_91460777\/\" \/><\/div>\n\t\t<\/figure>\n\t<\/div>\n<\/div><\/div><\/div><div class=\"wpb_column vc_column_container vc_col-sm-9\"><div class=\"vc_column-inner\"><div class=\"wpb_wrapper\">\n\t<div class=\"wpb_text_column wpb_content_element\" >\n\t\t<div class=\"wpb_wrapper\">\n\t\t\t<p><strong>Laser lipol\u00edtico (adelgazar sin cirug\u00eda)<\/strong><\/p>\n<p>Reduce el contorno entre 3 y 5 cm por tratamiento.Reduce:<\/p>\n<ol>\n<li>Grasa localizada<\/li>\n<li>Retenci\u00f3n de l\u00edquidos<\/li>\n<li>Celulitis<\/li>\n<\/ol>\n<p>Tratamiento no invasivo, seguro y eficaz, resultados visibles. La energ\u00eda emitida por sus exclusivos SLLED penetra en la piel, estimulando la regeneraci\u00f3n celular y favoreciendo la producci\u00f3n de col\u00e1geno y elastina.<\/p>\n<p><strong>Precio:<\/strong>\u00a050 \u20ac &#8211;<strong> Duraci\u00f3n<\/strong>: 30 minutos<\/p>\n\n\t\t<\/div>\n\t<\/div>\n<\/div><\/div><\/div><\/div><!-- Row Backgrounds --><div class=\"upb_color\" data-bg-override=\"0\" data-bg-color=\"#f7f7f7\" data-fadeout=\"\" data-fadeout-percentage=\"30\" data-parallax-content=\"\" data-parallax-content-sense=\"30\" data-row-effect-mobile-disable=\"true\" data-img-parallax-mobile-disable=\"true\" data-rtl=\"false\"  data-custom-vc-row=\"\"  data-vc=\"8.7.2\"  data-is_old_vc=\"\"  data-theme-support=\"\"   data-overlay=\"false\" data-overlay-color=\"\" data-overlay-pattern=\"\" data-overlay-pattern-opacity=\"\" data-overlay-pattern-size=\"\"    ><\/div><div class=\"vc_row wpb_row vc_row-fluid\"><div class=\"wpb_column vc_column_container vc_col-sm-12\"><div class=\"vc_column-inner\"><div class=\"wpb_wrapper\"><div class=\"vc_empty_space\"   style=\"height: 32px\"><span class=\"vc_empty_space_inner\"><\/span><\/div><div class=\"hr-thin style-line accent-border-color\" style=\"width: 75%;border-top-width: 3px;\"><\/div><div class=\"vc_empty_space\"   style=\"height: 32px\"><span class=\"vc_empty_space_inner\"><\/span><\/div><\/div><\/div><\/div><\/div><div class=\"vc_row wpb_row vc_row-fluid\"><div class=\"wpb_column vc_column_container vc_col-sm-3\"><div class=\"vc_column-inner\"><div class=\"wpb_wrapper\">\n\t<div  class=\"wpb_single_image wpb_content_element vc_align_left\">\n\t\t\n\t\t<figure class=\"wpb_wrapper vc_figure\">\n\t\t\t<div class=\"vc_single_image-wrapper   vc_box_border_grey\"><img decoding=\"async\" width=\"480\" height=\"432\" src=\"https:\/\/mustcalderon.com\/wp-content\/uploads\/sites\/40\/2023\/11\/hidrolinfa.jpg\" class=\"vc_single_image-img attachment-large\" alt=\"\" title=\"hidrolinfa\" srcset=\"https:\/\/mustcalderon.com\/wp-content\/uploads\/sites\/40\/2023\/11\/hidrolinfa.jpg 480w, https:\/\/mustcalderon.com\/wp-content\/uploads\/sites\/40\/2023\/11\/hidrolinfa-300x270.jpg 300w\" sizes=\"(max-width: 480px) 100vw, 480px\"  data-dt-location=\"https:\/\/mustcalderon.com\/en\/estetica\/aparatologia\/hidrolinfa\/\" \/><\/div>\n\t\t<\/figure>\n\t<\/div>\n<\/div><\/div><\/div><div class=\"wpb_column vc_column_container vc_col-sm-9\"><div class=\"vc_column-inner\"><div class=\"wpb_wrapper\">\n\t<div class=\"wpb_text_column wpb_content_element\" >\n\t\t<div class=\"wpb_wrapper\">\n\t\t\t<p><strong>Hidrolinfa<\/strong><\/p>\n<p>Equilibra el organismo, mejorando tu bienestar. Realiza un drenaje linf\u00e1tico y ayuda a mejorar la mala circulaci\u00f3n, dolores menstruales y de cabeza, \u00falceras de est\u00f3mago, colesterol y diabetes, reducci\u00f3n de celulitis, drenaje linf\u00e1tico, problemas de columna, estr\u00e9s, ansiedad y depresi\u00f3n\u2026<\/p>\n<p><strong>Precio:<\/strong> 35 \u20ac &#8211;<strong> Duraci\u00f3n<\/strong>: 35 minutos<\/p>\n\n\t\t<\/div>\n\t<\/div>\n<\/div><\/div><\/div><\/div><!-- Row Backgrounds --><div class=\"upb_color\" data-bg-override=\"0\" data-bg-color=\"#f7f7f7\" data-fadeout=\"\" data-fadeout-percentage=\"30\" data-parallax-content=\"\" data-parallax-content-sense=\"30\" data-row-effect-mobile-disable=\"true\" data-img-parallax-mobile-disable=\"true\" data-rtl=\"false\"  data-custom-vc-row=\"\"  data-vc=\"8.7.2\"  data-is_old_vc=\"\"  data-theme-support=\"\"   data-overlay=\"false\" data-overlay-color=\"\" data-overlay-pattern=\"\" data-overlay-pattern-opacity=\"\" data-overlay-pattern-size=\"\"    ><\/div><div class=\"vc_row wpb_row vc_row-fluid\"><div class=\"wpb_column vc_column_container vc_col-sm-12\"><div class=\"vc_column-inner\"><div class=\"wpb_wrapper\"><div class=\"vc_empty_space\"   style=\"height: 32px\"><span class=\"vc_empty_space_inner\"><\/span><\/div><div class=\"hr-thin style-line accent-border-color\" style=\"width: 75%;border-top-width: 3px;\"><\/div><div class=\"vc_empty_space\"   style=\"height: 32px\"><span class=\"vc_empty_space_inner\"><\/span><\/div><\/div><\/div><\/div><\/div>\n<\/div>","protected":false},"excerpt":{"rendered":"<p>APARATOLOG\u00cdA Contamos con diferente aparatolog\u00eda para cubrir distintas necesidades de rostro y cuerpo, y contamos con la \u00faltima tecnolog\u00eda en depilaci\u00f3n l\u00e1ser. (Consulta diferentes paquetes personalizados) Presoterapia Reducci\u00f3n y reafirmaci\u00f3n. Un tratamiento perfecto para despu\u00e9s de una competici\u00f3n, adelgazamiento, circulaci\u00f3n perif\u00e9rica, retenci\u00f3n de l\u00edquidos, relajaci\u00f3n, tratamiento muscular, insuficiencia venosa y piernas cansadas. Precio: 25 \u20ac&hellip;<\/p>","protected":false},"author":1,"featured_media":0,"parent":408,"menu_order":0,"comment_status":"closed","ping_status":"closed","template":"","meta":{"footnotes":""},"class_list":["post-1237","page","type-page","status-publish","hentry","description-off"],"_links":{"self":[{"href":"https:\/\/mustcalderon.com\/en\/wp-json\/wp\/v2\/pages\/1237","targetHints":{"allow":["GET"]}}],"collection":[{"href":"https:\/\/mustcalderon.com\/en\/wp-json\/wp\/v2\/pages"}],"about":[{"href":"https:\/\/mustcalderon.com\/en\/wp-json\/wp\/v2\/types\/page"}],"author":[{"embeddable":true,"href":"https:\/\/mustcalderon.com\/en\/wp-json\/wp\/v2\/users\/1"}],"replies":[{"embeddable":true,"href":"https:\/\/mustcalderon.com\/en\/wp-json\/wp\/v2\/comments?post=1237"}],"version-history":[{"count":0,"href":"https:\/\/mustcalderon.com\/en\/wp-json\/wp\/v2\/pages\/1237\/revisions"}],"up":[{"embeddable":true,"href":"https:\/\/mustcalderon.com\/en\/wp-json\/wp\/v2\/pages\/408"}],"wp:attachment":[{"href":"https:\/\/mustcalderon.com\/en\/wp-json\/wp\/v2\/media?parent=1237"}],"curies":[{"name":"wp","href":"https:\/\/api.w.org\/{rel}","templated":true}]}}