{"id":1234,"date":"2017-09-07T11:44:53","date_gmt":"2017-09-07T09:44:53","guid":{"rendered":"https:\/\/mustcalderon.wearepleh.com\/?page_id=1234"},"modified":"2025-07-08T12:45:21","modified_gmt":"2025-07-08T10:45:21","slug":"micropigmentacion","status":"publish","type":"page","link":"https:\/\/mustcalderon.com\/en\/estetica\/micropigmentacion\/","title":{"rendered":"Micropigmentation"},"content":{"rendered":"<div class=\"wpb-content-wrapper\"><div class=\"vc_row wpb_row vc_row-fluid vc_custom_1504776565112\"><div class=\"wpb_column vc_column_container vc_col-sm-12\"><div class=\"vc_column-inner\"><div class=\"wpb_wrapper\">\n\t<div  class=\"wpb_single_image wpb_content_element vc_align_center\">\n\t\t\n\t\t<figure class=\"wpb_wrapper vc_figure\">\n\t\t\t<div class=\"vc_single_image-wrapper   vc_box_border_grey\"><img decoding=\"async\" width=\"1250\" height=\"555\" src=\"https:\/\/mustcalderon.com\/wp-content\/uploads\/sites\/40\/2023\/11\/Micropigmentacion.jpg\" class=\"vc_single_image-img attachment-full\" alt=\"\" title=\"Micropigmentacion\" srcset=\"https:\/\/mustcalderon.com\/wp-content\/uploads\/sites\/40\/2023\/11\/Micropigmentacion.jpg 1250w, https:\/\/mustcalderon.com\/wp-content\/uploads\/sites\/40\/2023\/11\/Micropigmentacion-300x133.jpg 300w, https:\/\/mustcalderon.com\/wp-content\/uploads\/sites\/40\/2023\/11\/Micropigmentacion-1024x455.jpg 1024w, https:\/\/mustcalderon.com\/wp-content\/uploads\/sites\/40\/2023\/11\/Micropigmentacion-768x341.jpg 768w\" sizes=\"(max-width: 1250px) 100vw, 1250px\"  data-dt-location=\"https:\/\/mustcalderon.com\/en\/estetica\/micropigmentacion\/micropigmentacion-2\/\" \/><\/div>\n\t\t<\/figure>\n\t<\/div>\n<div class=\"vc_empty_space\"   style=\"height: 32px\"><span class=\"vc_empty_space_inner\"><\/span><\/div>\n\t<div class=\"wpb_text_column wpb_content_element\" >\n\t\t<div class=\"wpb_wrapper\">\n\t\t\t<h4><span style=\"font-family: 'Raleway';\"><span style=\"color: #cbc200;\">MICROPIGMENTACI\u00d3N<\/span><\/span><\/h4>\n\n\t\t<\/div>\n\t<\/div>\n<div class=\"vc_empty_space\"   style=\"height: 32px\"><span class=\"vc_empty_space_inner\"><\/span><\/div>\n\t<div class=\"wpb_text_column wpb_content_element\" >\n\t\t<div class=\"wpb_wrapper\">\n\t\t\t<p><strong>Cejas<\/strong><\/p>\n<p>Potenciamos la morfolog\u00eda de tu rostro. Seleccionamos la forma y el color que mejor encaja con tus cejas. Utilizaremos la micropigmentaci\u00f3n seg\u00fan tu piel y estilo que busques. Realizamos dise\u00f1os pelo a pelo, o cejas shading efecto maquillaje.<\/p>\n<p>&nbsp;<\/p>\n<p><strong>Ojos<\/strong><\/p>\n<p>\u00a1Olv\u00eddate del maquillaje! Previo dise\u00f1o personalizado, trataremos de corregir la forma de los ojos, armonizarlos o realzarlos seg\u00fan tus necesidades y gustos. Delineado cl\u00e1sico, softliner (efecto sombra smoke), o un discreto lashliner muy finito que intensifica el negro de las pesta\u00f1as.<\/p>\n<p>&nbsp;<\/p>\n<p><strong>Labios<\/strong><\/p>\n<p>Luce unos labios definidos, sensuales, naturales e intensos de color, sin necesidad de maquillarte cada d\u00eda gracias a la micropigmentaci\u00f3n de labios. Tonos naturales o vivos de color. Definici\u00f3n del contorno, relleno efecto pintalabios y neutralizaci\u00f3n de labios oscuros<\/p>\n<p>&nbsp;<\/p>\n<p><strong>Capilar<\/strong><\/p>\n<p>Se realiza para tapar cicatrices capilares debido a injertos (FUT\/FUE) o para quien tiene falta de cabello o densidad en diferentes zonas de la cabeza. Esto puede ser debido a estr\u00e9s, tracci\u00f3n, implantes capilares o factores cut\u00e1neos como eccemas, psoriasis\u2026<\/p>\n<p>Trabajamos solo si la piel est\u00e1 en perfecto estado.<\/p>\n\n\t\t<\/div>\n\t<\/div>\n<div class=\"vc_empty_space\"   style=\"height: 64px\"><span class=\"vc_empty_space_inner\"><\/span><\/div>\n\t<div class=\"wpb_text_column wpb_content_element\" >\n\t\t<div class=\"wpb_wrapper\">\n\t\t\t<h4><span style=\"font-family: 'Raleway';\"><span style=\"color: #cbc200;\">LA MICROPIGMENTACI\u00d3N TIENE MUCHAS VENTAJAS<\/span><\/span><\/h4>\n<ul>\n<li>Puedes estar a punto para cualquier evento en un momento.<\/li>\n<li>Ahorras un tiempo preciado cada ma\u00f1ana.<\/li>\n<li>Las irritaciones por cosm\u00e9ticos ser\u00e1n cosa del pasado.<\/li>\n<li>Ideal para gente que quiere tapar cicatrices.<\/li>\n<li>Perfecto para gente con un estilo de vida activa.<\/li>\n<li>Como preparaci\u00f3n para tratamientos duros con quimioterapia.<\/li>\n<li>Consigue borrar las trazas del paso del tiempo.<\/li>\n<li>Una forma de maquillarse de forma duradera y discreta.<\/li>\n<li>La armon\u00eda del rostro ser\u00e1 tu gran secreto.<\/li>\n<li>Aumenta tu belleza natural y disimula algunas imperfecciones.<\/li>\n<\/ul>\n\n\t\t<\/div>\n\t<\/div>\n<div class=\"vc_empty_space\"   style=\"height: 64px\"><span class=\"vc_empty_space_inner\"><\/span><\/div><\/div><\/div><\/div><\/div><div class=\"vc_row wpb_row vc_row-fluid\"><div class=\"wpb_column vc_column_container vc_col-sm-12\"><div class=\"vc_column-inner\"><div class=\"wpb_wrapper\">\n\t<div class=\"wpb_text_column wpb_content_element\" >\n\t\t<div class=\"wpb_wrapper\">\n\t\t\t<p style=\"text-align: center;\"><strong><a href=\"https:\/\/booksy.com\/es-es\/instant-experiences\/widget\/85063?_branch_referrer=H4sIAAAAAAAAA8soKSkottLXz8nMy9ZLys%2FPLq7US87P1XdJLc4sSk11Tk1KzMnJLwYAefOS0ScAAAA%3D&amp;_branch_match_id=1253741842761578394\" target=\"_blank\" rel=\"noopener\">Pide AQUI<\/a> tu cita informativa de 20 minutos en la que resolveremos tus dudas, realizaremos tu dise\u00f1o personalizado y te entregaremos tu presupuesto.<\/strong><\/p>\n\n\t\t<\/div>\n\t<\/div>\n<\/div><\/div><\/div><\/div>\n<\/div>","protected":false},"excerpt":{"rendered":"<p>MICROPIGMENTACI\u00d3N Cejas Potenciamos la morfolog\u00eda de tu rostro. Seleccionamos la forma y el color que mejor encaja con tus cejas. Utilizaremos la micropigmentaci\u00f3n seg\u00fan tu piel y estilo que busques. Realizamos dise\u00f1os pelo a pelo, o cejas shading efecto maquillaje. &nbsp; Ojos \u00a1Olv\u00eddate del maquillaje! Previo dise\u00f1o personalizado, trataremos de corregir la forma de los&hellip;<\/p>","protected":false},"author":1,"featured_media":0,"parent":408,"menu_order":0,"comment_status":"closed","ping_status":"closed","template":"","meta":{"footnotes":""},"class_list":["post-1234","page","type-page","status-publish","hentry","description-off"],"_links":{"self":[{"href":"https:\/\/mustcalderon.com\/en\/wp-json\/wp\/v2\/pages\/1234","targetHints":{"allow":["GET"]}}],"collection":[{"href":"https:\/\/mustcalderon.com\/en\/wp-json\/wp\/v2\/pages"}],"about":[{"href":"https:\/\/mustcalderon.com\/en\/wp-json\/wp\/v2\/types\/page"}],"author":[{"embeddable":true,"href":"https:\/\/mustcalderon.com\/en\/wp-json\/wp\/v2\/users\/1"}],"replies":[{"embeddable":true,"href":"https:\/\/mustcalderon.com\/en\/wp-json\/wp\/v2\/comments?post=1234"}],"version-history":[{"count":0,"href":"https:\/\/mustcalderon.com\/en\/wp-json\/wp\/v2\/pages\/1234\/revisions"}],"up":[{"embeddable":true,"href":"https:\/\/mustcalderon.com\/en\/wp-json\/wp\/v2\/pages\/408"}],"wp:attachment":[{"href":"https:\/\/mustcalderon.com\/en\/wp-json\/wp\/v2\/media?parent=1234"}],"curies":[{"name":"wp","href":"https:\/\/api.w.org\/{rel}","templated":true}]}}